{"id":12,"date":"2024-02-21T02:27:20","date_gmt":"2024-02-21T02:27:20","guid":{"rendered":"https:\/\/ygpixel.com\/?page_id=12"},"modified":"2025-01-30T11:23:23","modified_gmt":"2025-01-30T15:23:23","slug":"home","status":"publish","type":"page","link":"https:\/\/ygpixel.com\/fr\/","title":{"rendered":"Accueil"},"content":{"rendered":"<div data-elementor-type=\"wp-page\" data-elementor-id=\"12\" class=\"elementor elementor-12\" data-elementor-post-type=\"page\">\n\t\t\t\t<section class=\"elementor-element elementor-element-f22b7e9 e-con-full hero-section e-flex e-con e-parent\" data-id=\"f22b7e9\" data-element_type=\"container\" data-settings=\"{&quot;background_background&quot;:&quot;classic&quot;}\">\n\t\t<div class=\"elementor-element elementor-element-3cca7d0 e-flex e-con-boxed e-con e-child\" data-id=\"3cca7d0\" data-element_type=\"container\">\n\t\t\t\t\t<div class=\"e-con-inner\">\n\t\t<div class=\"elementor-element elementor-element-5bfbaca e-con-full e-flex e-con e-child\" data-id=\"5bfbaca\" data-element_type=\"container\">\n\t\t\t\t<div class=\"elementor-element elementor-element-0e463af animated-slow elementor-invisible elementor-widget elementor-widget-heading\" data-id=\"0e463af\" data-element_type=\"widget\" data-settings=\"{&quot;_animation&quot;:&quot;fadeIn&quot;,&quot;ekit_we_effect_on&quot;:&quot;none&quot;}\" data-widget_type=\"heading.default\">\n\t\t\t\t<div class=\"elementor-widget-container\">\n\t\t\t\t\t<h1 class=\"elementor-heading-title elementor-size-default\">Web Design &amp; Development in Ottawa, Gatineau<\/h1>\t\t\t\t<\/div>\n\t\t\t\t<\/div>\n\t\t\t\t<div class=\"elementor-element elementor-element-00887b3 animated-slow elementor-invisible elementor-widget elementor-widget-button\" data-id=\"00887b3\" data-element_type=\"widget\" data-settings=\"{&quot;_animation&quot;:&quot;fadeIn&quot;,&quot;_animation_delay&quot;:500,&quot;ekit_we_effect_on&quot;:&quot;none&quot;}\" data-widget_type=\"button.default\">\n\t\t\t\t<div class=\"elementor-widget-container\">\n\t\t\t\t\t\t\t\t\t<div class=\"elementor-button-wrapper\">\n\t\t\t\t\t<a class=\"elementor-button elementor-button-link elementor-size-lg\" href=\"https:\/\/ygpixel.com\/fr\/contact\/\">\n\t\t\t\t\t\t<span class=\"elementor-button-content-wrapper\">\n\t\t\t\t\t\t\t\t\t<span class=\"elementor-button-text\">Contactez-nous<\/span>\n\t\t\t\t\t<\/span>\n\t\t\t\t\t<\/a>\n\t\t\t\t<\/div>\n\t\t\t\t\t\t\t\t<\/div>\n\t\t\t\t<\/div>\n\t\t\t\t<\/div>\n\t\t<div class=\"elementor-element elementor-element-0f47b21 e-flex e-con-boxed e-con e-child\" data-id=\"0f47b21\" data-element_type=\"container\">\n\t\t\t\t\t<div class=\"e-con-inner\">\n\t\t\t\t\t<\/div>\n\t\t\t\t<\/div>\n\t\t\t\t\t<\/div>\n\t\t\t\t<\/div>\n\t\t\t\t<\/section>\n\t\t<div class=\"elementor-element elementor-element-b32cb69 services-section e-flex e-con-boxed e-con e-parent\" data-id=\"b32cb69\" data-element_type=\"container\" data-settings=\"{&quot;background_background&quot;:&quot;classic&quot;}\">\n\t\t\t\t\t<div class=\"e-con-inner\">\n\t\t<div class=\"elementor-element elementor-element-798089f e-flex e-con-boxed e-con e-child\" data-id=\"798089f\" data-element_type=\"container\">\n\t\t\t\t\t<div class=\"e-con-inner\">\n\t\t\t\t<div class=\"elementor-element elementor-element-c97b203 elementor-absolute elementor-widget elementor-widget-image\" data-id=\"c97b203\" data-element_type=\"widget\" data-settings=\"{&quot;_position&quot;:&quot;absolute&quot;,&quot;ekit_we_effect_on&quot;:&quot;tilt&quot;,&quot;ekit_we_on_test_mode&quot;:&quot;on&quot;,&quot;ekit_we_tilt_maxtilt&quot;:20,&quot;ekit_we_tilt_scale&quot;:1}\" data-widget_type=\"image.default\">\n\t\t\t\t<div class=\"elementor-widget-container\">\n\t\t\t\t\t\t\t\t\t\t\t\t\t\t\t<img fetchpriority=\"high\" decoding=\"async\" width=\"300\" height=\"300\" src=\"https:\/\/ygpixel.com\/wp-content\/uploads\/2024\/03\/dots-colors-300x300.png\" class=\"attachment-medium size-medium wp-image-356\" alt=\"\" srcset=\"https:\/\/ygpixel.com\/wp-content\/uploads\/2024\/03\/dots-colors-300x300.png 300w, https:\/\/ygpixel.com\/wp-content\/uploads\/2024\/03\/dots-colors-1024x1024.png 1024w, https:\/\/ygpixel.com\/wp-content\/uploads\/2024\/03\/dots-colors-150x150.png 150w, https:\/\/ygpixel.com\/wp-content\/uploads\/2024\/03\/dots-colors-768x768.png 768w, https:\/\/ygpixel.com\/wp-content\/uploads\/2024\/03\/dots-colors.png 1536w\" sizes=\"(max-width: 300px) 100vw, 300px\" \/>\t\t\t\t\t\t\t\t\t\t\t\t\t\t\t<\/div>\n\t\t\t\t<\/div>\n\t\t\t\t\t<\/div>\n\t\t\t\t<\/div>\n\t\t<div class=\"elementor-element elementor-element-21ec040 e-flex e-con-boxed e-con e-child\" data-id=\"21ec040\" data-element_type=\"container\">\n\t\t\t\t\t<div class=\"e-con-inner\">\n\t\t\t\t<div class=\"elementor-element elementor-element-aeeac5d animated-fast elementor-invisible elementor-widget elementor-widget-heading\" data-id=\"aeeac5d\" data-element_type=\"widget\" data-settings=\"{&quot;_animation&quot;:&quot;fadeIn&quot;,&quot;_animation_delay&quot;:300,&quot;ekit_we_effect_on&quot;:&quot;none&quot;}\" data-widget_type=\"heading.default\">\n\t\t\t\t<div class=\"elementor-widget-container\">\n\t\t\t\t\t<h2 class=\"elementor-heading-title elementor-size-default\">Services<\/h2>\t\t\t\t<\/div>\n\t\t\t\t<\/div>\n\t\t\t\t\t<\/div>\n\t\t\t\t<\/div>\n\t\t<div class=\"elementor-element elementor-element-cfb3437 e-flex e-con-boxed e-con e-child\" data-id=\"cfb3437\" data-element_type=\"container\">\n\t\t\t\t\t<div class=\"e-con-inner\">\n\t\t\t\t<div class=\"elementor-element elementor-element-eaf571d elementor-widget__width-initial animated-slow elementor-position-top elementor-invisible elementor-widget elementor-widget-image-box\" data-id=\"eaf571d\" data-element_type=\"widget\" data-settings=\"{&quot;_animation&quot;:&quot;fadeIn&quot;,&quot;_animation_delay&quot;:400,&quot;ekit_we_effect_on&quot;:&quot;none&quot;}\" data-widget_type=\"image-box.default\">\n\t\t\t\t<div class=\"elementor-widget-container\">\n\t\t\t\t\t<div class=\"elementor-image-box-wrapper\"><figure class=\"elementor-image-box-img\"><img decoding=\"async\" width=\"395\" height=\"256\" src=\"https:\/\/ygpixel.com\/wp-content\/uploads\/2024\/03\/yg-pixel-design.png\" class=\"elementor-animation-grow attachment-full size-full wp-image-264\" alt=\"\" srcset=\"https:\/\/ygpixel.com\/wp-content\/uploads\/2024\/03\/yg-pixel-design.png 395w, https:\/\/ygpixel.com\/wp-content\/uploads\/2024\/03\/yg-pixel-design-300x194.png 300w\" sizes=\"(max-width: 395px) 100vw, 395px\" \/><\/figure><div class=\"elementor-image-box-content\"><h2 class=\"elementor-image-box-title\">Cr\u00e9ation de site web<\/h2><p class=\"elementor-image-box-description\">Conception de site Web moderne avec une mise en page adaptative qui s'adapte \u00e0 toutes les tailles et r\u00e9solutions d'\u00e9cran.<\/p><\/div><\/div>\t\t\t\t<\/div>\n\t\t\t\t<\/div>\n\t\t\t\t<div class=\"elementor-element elementor-element-2a9d641 elementor-widget__width-initial animated-slow elementor-position-top elementor-invisible elementor-widget elementor-widget-image-box\" data-id=\"2a9d641\" data-element_type=\"widget\" data-settings=\"{&quot;_animation&quot;:&quot;fadeIn&quot;,&quot;_animation_delay&quot;:500,&quot;ekit_we_effect_on&quot;:&quot;none&quot;}\" data-widget_type=\"image-box.default\">\n\t\t\t\t<div class=\"elementor-widget-container\">\n\t\t\t\t\t<div class=\"elementor-image-box-wrapper\"><figure class=\"elementor-image-box-img\"><img decoding=\"async\" width=\"395\" height=\"256\" src=\"https:\/\/ygpixel.com\/wp-content\/uploads\/2024\/03\/yg-pixel-seo.png\" class=\"elementor-animation-grow attachment-full size-full wp-image-258\" alt=\"\" srcset=\"https:\/\/ygpixel.com\/wp-content\/uploads\/2024\/03\/yg-pixel-seo.png 395w, https:\/\/ygpixel.com\/wp-content\/uploads\/2024\/03\/yg-pixel-seo-300x194.png 300w\" sizes=\"(max-width: 395px) 100vw, 395px\" \/><\/figure><div class=\"elementor-image-box-content\"><h2 class=\"elementor-image-box-title\">R\u00e9f\u00e9rencement<\/h2><p class=\"elementor-image-box-description\">Faites indexer votre site Web par Google et par d'autres moteurs de recherche et surtout soyez sur leur premi\u00e8re page de r\u00e9sultats.<\/p><\/div><\/div>\t\t\t\t<\/div>\n\t\t\t\t<\/div>\n\t\t\t\t<div class=\"elementor-element elementor-element-253ea7c elementor-widget__width-initial animated-slow elementor-position-top elementor-invisible elementor-widget elementor-widget-image-box\" data-id=\"253ea7c\" data-element_type=\"widget\" data-settings=\"{&quot;_animation&quot;:&quot;fadeIn&quot;,&quot;_animation_delay&quot;:600,&quot;ekit_we_effect_on&quot;:&quot;none&quot;}\" data-widget_type=\"image-box.default\">\n\t\t\t\t<div class=\"elementor-widget-container\">\n\t\t\t\t\t<div class=\"elementor-image-box-wrapper\"><figure class=\"elementor-image-box-img\"><img loading=\"lazy\" decoding=\"async\" width=\"395\" height=\"256\" src=\"https:\/\/ygpixel.com\/wp-content\/uploads\/2024\/03\/yg-pixel-ecommerce.png\" class=\"elementor-animation-grow attachment-full size-full wp-image-262\" alt=\"\" srcset=\"https:\/\/ygpixel.com\/wp-content\/uploads\/2024\/03\/yg-pixel-ecommerce.png 395w, https:\/\/ygpixel.com\/wp-content\/uploads\/2024\/03\/yg-pixel-ecommerce-300x194.png 300w\" sizes=\"(max-width: 395px) 100vw, 395px\" \/><\/figure><div class=\"elementor-image-box-content\"><h2 class=\"elementor-image-box-title\">Commerce en ligne<\/h2><p class=\"elementor-image-box-description\">Vous avez des produits ou services \u00e0 vendre ? Nos sp\u00e9cialistes construisent un e-commerce optimis\u00e9 qui augmente consid\u00e9rablement vos ventes.<\/p><\/div><\/div>\t\t\t\t<\/div>\n\t\t\t\t<\/div>\n\t\t\t\t\t<\/div>\n\t\t\t\t<\/div>\n\t\t<div class=\"elementor-element elementor-element-6976f36 e-flex e-con-boxed e-con e-child\" data-id=\"6976f36\" data-element_type=\"container\">\n\t\t\t\t\t<div class=\"e-con-inner\">\n\t\t\t\t<div class=\"elementor-element elementor-element-f3ba418 elementor-absolute elementor-widget elementor-widget-image\" data-id=\"f3ba418\" data-element_type=\"widget\" data-settings=\"{&quot;_position&quot;:&quot;absolute&quot;,&quot;ekit_we_effect_on&quot;:&quot;none&quot;}\" data-widget_type=\"image.default\">\n\t\t\t\t<div class=\"elementor-widget-container\">\n\t\t\t\t\t\t\t\t\t\t\t\t\t\t\t<img decoding=\"async\" src=\"https:\/\/ygpixel.com\/wp-content\/uploads\/elementor\/thumbs\/dots-qklk4pslntc38q8hg3g49jtsy2jvn79omq2wwo1xmw.gif\" title=\"dots\" alt=\"dots\" loading=\"lazy\" \/>\t\t\t\t\t\t\t\t\t\t\t\t\t\t\t<\/div>\n\t\t\t\t<\/div>\n\t\t\t\t\t<\/div>\n\t\t\t\t<\/div>\n\t\t\t\t\t<\/div>\n\t\t\t\t<\/div>\n\t\t<div class=\"elementor-element elementor-element-678e7e67 e-flex e-con-boxed e-con e-parent\" data-id=\"678e7e67\" data-element_type=\"container\" data-settings=\"{&quot;background_background&quot;:&quot;classic&quot;,&quot;shape_divider_top&quot;:&quot;triangle-asymmetrical&quot;,&quot;shape_divider_bottom&quot;:&quot;triangle-asymmetrical&quot;}\">\n\t\t\t\t\t<div class=\"e-con-inner\">\n\t\t\t\t<div class=\"elementor-shape elementor-shape-top\" aria-hidden=\"true\" data-negative=\"false\">\n\t\t\t<svg xmlns=\"http:\/\/www.w3.org\/2000\/svg\" viewbox=\"0 0 1000 100\" preserveaspectratio=\"none\">\n\t<path class=\"elementor-shape-fill\" d=\"M738,99l262-93V0H0v5.6L738,99z\"\/>\n<\/svg>\t\t<\/div>\n\t\t\t\t<div class=\"elementor-shape elementor-shape-bottom\" aria-hidden=\"true\" data-negative=\"false\">\n\t\t\t<svg xmlns=\"http:\/\/www.w3.org\/2000\/svg\" viewbox=\"0 0 1000 100\" preserveaspectratio=\"none\">\n\t<path class=\"elementor-shape-fill\" d=\"M738,99l262-93V0H0v5.6L738,99z\"\/>\n<\/svg>\t\t<\/div>\n\t\t\t\t<div class=\"elementor-element elementor-element-4174573e animated-slow elementor-invisible elementor-widget elementor-widget-heading\" data-id=\"4174573e\" data-element_type=\"widget\" data-settings=\"{&quot;_animation&quot;:&quot;fadeIn&quot;,&quot;_animation_delay&quot;:400,&quot;ekit_we_effect_on&quot;:&quot;none&quot;}\" data-widget_type=\"heading.default\">\n\t\t\t\t<div class=\"elementor-widget-container\">\n\t\t\t\t\t<h3 class=\"elementor-heading-title elementor-size-default\">Besoin d'un site Web ou d'une strat\u00e9gie de contenu et de r\u00e9f\u00e9rencement ?<\/h3>\t\t\t\t<\/div>\n\t\t\t\t<\/div>\n\t\t\t\t<div class=\"elementor-element elementor-element-4a1cecf animated-slow elementor-invisible elementor-widget elementor-widget-text-editor\" data-id=\"4a1cecf\" data-element_type=\"widget\" data-settings=\"{&quot;_animation&quot;:&quot;fadeIn&quot;,&quot;_animation_delay&quot;:500,&quot;ekit_we_effect_on&quot;:&quot;none&quot;}\" data-widget_type=\"text-editor.default\">\n\t\t\t\t<div class=\"elementor-widget-container\">\n\t\t\t\t\t\t\t\t\t<p>Parlez nous de votre projet<\/p>\t\t\t\t\t\t\t\t<\/div>\n\t\t\t\t<\/div>\n\t\t\t\t<div class=\"elementor-element elementor-element-7bc117fc elementor-align-center animated-slow elementor-invisible elementor-widget elementor-widget-button\" data-id=\"7bc117fc\" data-element_type=\"widget\" data-settings=\"{&quot;_animation&quot;:&quot;fadeIn&quot;,&quot;_animation_delay&quot;:600,&quot;ekit_we_effect_on&quot;:&quot;none&quot;}\" data-widget_type=\"button.default\">\n\t\t\t\t<div class=\"elementor-widget-container\">\n\t\t\t\t\t\t\t\t\t<div class=\"elementor-button-wrapper\">\n\t\t\t\t\t<a class=\"elementor-button elementor-button-link elementor-size-lg\" href=\"https:\/\/ygpixel.com\/fr\/soumission\/\">\n\t\t\t\t\t\t<span class=\"elementor-button-content-wrapper\">\n\t\t\t\t\t\t\t\t\t<span class=\"elementor-button-text\">Obtenez une soumission<\/span>\n\t\t\t\t\t<\/span>\n\t\t\t\t\t<\/a>\n\t\t\t\t<\/div>\n\t\t\t\t\t\t\t\t<\/div>\n\t\t\t\t<\/div>\n\t\t\t\t\t<\/div>\n\t\t\t\t<\/div>\n\t\t<div class=\"elementor-element elementor-element-a51bbfb e-flex e-con-boxed e-con e-parent\" data-id=\"a51bbfb\" data-element_type=\"container\">\n\t\t\t\t\t<div class=\"e-con-inner\">\n\t\t<div class=\"elementor-element elementor-element-8f1e0c8 e-con-full e-flex e-con e-child\" data-id=\"8f1e0c8\" data-element_type=\"container\">\n\t\t\t\t<div class=\"elementor-element elementor-element-94a7cd7 animated-slow elementor-invisible elementor-widget elementor-widget-heading\" data-id=\"94a7cd7\" data-element_type=\"widget\" data-settings=\"{&quot;_animation&quot;:&quot;fadeIn&quot;,&quot;_animation_delay&quot;:400,&quot;ekit_we_effect_on&quot;:&quot;none&quot;}\" data-widget_type=\"heading.default\">\n\t\t\t\t<div class=\"elementor-widget-container\">\n\t\t\t\t\t<h3 class=\"elementor-heading-title elementor-size-default\">Projets r\u00e9cents<\/h3>\t\t\t\t<\/div>\n\t\t\t\t<\/div>\n\t\t\t\t<div class=\"elementor-element elementor-element-a7d65ed animated-slow elementor-invisible elementor-widget elementor-widget-text-editor\" data-id=\"a7d65ed\" data-element_type=\"widget\" data-settings=\"{&quot;_animation&quot;:&quot;fadeIn&quot;,&quot;_animation_delay&quot;:500,&quot;ekit_we_effect_on&quot;:&quot;none&quot;}\" data-widget_type=\"text-editor.default\">\n\t\t\t\t<div class=\"elementor-widget-container\">\n\t\t\t\t\t\t\t\t\t<p>Nous aidons les entreprises \u00e0 avoir une solide pr\u00e9sence sur le Web et \u00e0 se positionner sur les moteurs de recherche<\/p>\t\t\t\t\t\t\t\t<\/div>\n\t\t\t\t<\/div>\n\t\t\t\t<div class=\"elementor-element elementor-element-f0d9196 elementor-widget elementor-widget-button\" data-id=\"f0d9196\" data-element_type=\"widget\" data-settings=\"{&quot;ekit_we_effect_on&quot;:&quot;none&quot;}\" data-widget_type=\"button.default\">\n\t\t\t\t<div class=\"elementor-widget-container\">\n\t\t\t\t\t\t\t\t\t<div class=\"elementor-button-wrapper\">\n\t\t\t\t\t<a class=\"elementor-button elementor-button-link elementor-size-sm\" href=\"https:\/\/ygpixel.com\/fr\/projects\/\">\n\t\t\t\t\t\t<span class=\"elementor-button-content-wrapper\">\n\t\t\t\t\t\t<span class=\"elementor-button-icon\">\n\t\t\t\t<svg aria-hidden=\"true\" class=\"e-font-icon-svg e-fas-long-arrow-alt-right\" viewbox=\"0 0 448 512\" xmlns=\"http:\/\/www.w3.org\/2000\/svg\"><path d=\"M313.941 216H12c-6.627 0-12 5.373-12 12v56c0 6.627 5.373 12 12 12h301.941v46.059c0 21.382 25.851 32.09 40.971 16.971l86.059-86.059c9.373-9.373 9.373-24.569 0-33.941l-86.059-86.059c-15.119-15.119-40.971-4.411-40.971 16.971V216z\"><\/path><\/svg>\t\t\t<\/span>\n\t\t\t\t\t\t\t\t\t<span class=\"elementor-button-text\">Projets r\u00e9cents<\/span>\n\t\t\t\t\t<\/span>\n\t\t\t\t\t<\/a>\n\t\t\t\t<\/div>\n\t\t\t\t\t\t\t\t<\/div>\n\t\t\t\t<\/div>\n\t\t\t\t<\/div>\n\t\t<div class=\"elementor-element elementor-element-123a4c7 e-con-full animated-slow e-flex elementor-invisible e-con e-child\" data-id=\"123a4c7\" data-element_type=\"container\" data-settings=\"{&quot;animation&quot;:&quot;fadeIn&quot;,&quot;animation_delay&quot;:600}\">\n\t\t<div class=\"elementor-element elementor-element-3de6dab e-flex e-con-boxed e-con e-child\" data-id=\"3de6dab\" data-element_type=\"container\">\n\t\t\t\t\t<div class=\"e-con-inner\">\n\t\t\t\t<div class=\"elementor-element elementor-element-bb7cbb7 elementor-widget elementor-widget-image\" data-id=\"bb7cbb7\" data-element_type=\"widget\" data-settings=\"{&quot;xpro_elementor_floating_fx_rotate_toggle&quot;:&quot;yes&quot;,&quot;xpro_elementor_floating_fx&quot;:&quot;yes&quot;,&quot;xpro_elementor_floating_fx_rotate_z&quot;:{&quot;unit&quot;:&quot;px&quot;,&quot;size&quot;:&quot;&quot;,&quot;sizes&quot;:{&quot;from&quot;:-180,&quot;to&quot;:180}},&quot;xpro_elementor_floating_fx_rotate_duration&quot;:{&quot;unit&quot;:&quot;px&quot;,&quot;size&quot;:10000,&quot;sizes&quot;:[]},&quot;xpro_elementor_floating_fx_rotate_delay&quot;:{&quot;unit&quot;:&quot;px&quot;,&quot;size&quot;:&quot;&quot;,&quot;sizes&quot;:[]},&quot;ekit_we_effect_on&quot;:&quot;none&quot;}\" data-widget_type=\"image.default\">\n\t\t\t\t<div class=\"elementor-widget-container\">\n\t\t\t\t\t\t\t\t\t\t\t\t\t\t\t<img decoding=\"async\" src=\"https:\/\/ygpixel.com\/wp-content\/uploads\/elementor\/thumbs\/624430-qkqwlulmrefej0syxigxnrrcfh3k73t0bdafiaq11s.png\" title=\"624430\" alt=\"624430\" loading=\"lazy\" \/>\t\t\t\t\t\t\t\t\t\t\t\t\t\t\t<\/div>\n\t\t\t\t<\/div>\n\t\t\t\t\t<\/div>\n\t\t\t\t<\/div>\n\t\t\t\t<div class=\"elementor-element elementor-element-e527d84 elementor-widget elementor-widget-image\" data-id=\"e527d84\" data-element_type=\"widget\" data-settings=\"{&quot;ekit_we_effect_on&quot;:&quot;none&quot;}\" data-widget_type=\"image.default\">\n\t\t\t\t<div class=\"elementor-widget-container\">\n\t\t\t\t\t\t\t\t\t\t\t\t\t\t\t<img loading=\"lazy\" decoding=\"async\" width=\"640\" height=\"536\" src=\"https:\/\/ygpixel.com\/wp-content\/uploads\/2024\/03\/yg-pixel-projects.png\" class=\"attachment-large size-large wp-image-426\" alt=\"\" srcset=\"https:\/\/ygpixel.com\/wp-content\/uploads\/2024\/03\/yg-pixel-projects.png 933w, https:\/\/ygpixel.com\/wp-content\/uploads\/2024\/03\/yg-pixel-projects-300x251.png 300w, https:\/\/ygpixel.com\/wp-content\/uploads\/2024\/03\/yg-pixel-projects-768x643.png 768w\" sizes=\"(max-width: 640px) 100vw, 640px\" \/>\t\t\t\t\t\t\t\t\t\t\t\t\t\t\t<\/div>\n\t\t\t\t<\/div>\n\t\t\t\t<\/div>\n\t\t\t\t\t<\/div>\n\t\t\t\t<\/div>\n\t\t\t\t<\/div>","protected":false},"excerpt":{"rendered":"<p>Web Design &#038; Development in Ottawa, Gatineau Contact us Services Web development Modern website design with adaptive layout that adapt to all screens sizes and resolutions. SEO Get your website indexed by google and by other search engines and more importantly be on their first result page. E-commerce You have products or services to sell? [&hellip;]<\/p>","protected":false},"author":1,"featured_media":0,"parent":0,"menu_order":0,"comment_status":"closed","ping_status":"closed","template":"","meta":{"_acf_changed":false,"footnotes":""},"class_list":["post-12","page","type-page","status-publish","hentry"],"acf":[],"aioseo_notices":[],"_links":{"self":[{"href":"https:\/\/ygpixel.com\/fr\/wp-json\/wp\/v2\/pages\/12","targetHints":{"allow":["GET"]}}],"collection":[{"href":"https:\/\/ygpixel.com\/fr\/wp-json\/wp\/v2\/pages"}],"about":[{"href":"https:\/\/ygpixel.com\/fr\/wp-json\/wp\/v2\/types\/page"}],"author":[{"embeddable":true,"href":"https:\/\/ygpixel.com\/fr\/wp-json\/wp\/v2\/users\/1"}],"replies":[{"embeddable":true,"href":"https:\/\/ygpixel.com\/fr\/wp-json\/wp\/v2\/comments?post=12"}],"version-history":[{"count":10,"href":"https:\/\/ygpixel.com\/fr\/wp-json\/wp\/v2\/pages\/12\/revisions"}],"predecessor-version":[{"id":2249,"href":"https:\/\/ygpixel.com\/fr\/wp-json\/wp\/v2\/pages\/12\/revisions\/2249"}],"wp:attachment":[{"href":"https:\/\/ygpixel.com\/fr\/wp-json\/wp\/v2\/media?parent=12"}],"curies":[{"name":"wp","href":"https:\/\/api.w.org\/{rel}","templated":true}]}}