{"id":1203,"date":"2024-03-20T22:43:20","date_gmt":"2024-03-20T22:43:20","guid":{"rendered":"https:\/\/ygpixel.com\/?page_id=1203"},"modified":"2024-06-27T22:07:41","modified_gmt":"2024-06-28T02:07:41","slug":"web-design-services","status":"publish","type":"page","link":"https:\/\/ygpixel.com\/fr\/creation-site-web\/","title":{"rendered":"Web design services"},"content":{"rendered":"<div data-elementor-type=\"wp-page\" data-elementor-id=\"1203\" class=\"elementor elementor-1203\" data-elementor-post-type=\"page\">\n\t\t\t\t<div class=\"elementor-element elementor-element-3ca7b3da e-flex e-con-boxed e-con e-parent\" data-id=\"3ca7b3da\" data-element_type=\"container\" data-settings=\"{&quot;background_background&quot;:&quot;classic&quot;}\">\n\t\t\t\t\t<div class=\"e-con-inner\">\n\t\t\t\t<div class=\"elementor-element elementor-element-1aec2344 animated-slow elementor-invisible elementor-widget elementor-widget-heading\" data-id=\"1aec2344\" data-element_type=\"widget\" data-settings=\"{&quot;_animation&quot;:&quot;fadeIn&quot;,&quot;_animation_delay&quot;:100,&quot;ekit_we_effect_on&quot;:&quot;none&quot;}\" data-widget_type=\"heading.default\">\n\t\t\t\t<div class=\"elementor-widget-container\">\n\t\t\t\t\t<h1 class=\"elementor-heading-title elementor-size-default\">Conception de site internet \u00e0 Gatineau en Outaouais<\/h1>\t\t\t\t<\/div>\n\t\t\t\t<\/div>\n\t\t\t\t\t<\/div>\n\t\t\t\t<\/div>\n\t\t<div class=\"elementor-element elementor-element-0a75ff4 service-title e-flex e-con-boxed e-con e-parent\" data-id=\"0a75ff4\" data-element_type=\"container\">\n\t\t\t\t\t<div class=\"e-con-inner\">\n\t\t<div class=\"elementor-element elementor-element-f8ebeaf e-flex e-con-boxed e-con e-child\" data-id=\"f8ebeaf\" data-element_type=\"container\">\n\t\t\t\t\t<div class=\"e-con-inner\">\n\t\t\t\t<div class=\"elementor-element elementor-element-9726bd4 animated-slow elementor-invisible elementor-widget elementor-widget-heading\" data-id=\"9726bd4\" data-element_type=\"widget\" data-settings=\"{&quot;_animation&quot;:&quot;fadeIn&quot;,&quot;_animation_delay&quot;:200,&quot;ekit_we_effect_on&quot;:&quot;none&quot;}\" data-widget_type=\"heading.default\">\n\t\t\t\t<div class=\"elementor-widget-container\">\n\t\t\t\t\t<h2 class=\"elementor-heading-title elementor-size-default\">Obtenez une solide pr\u00e9sence en ligne : YG Pixel - Votre partenaire principal en d\u00e9veloppement Web\n\n\n\n<\/h2>\t\t\t\t<\/div>\n\t\t\t\t<\/div>\n\t\t\t\t\t<\/div>\n\t\t\t\t<\/div>\n\t\t<div class=\"elementor-element elementor-element-827a6b7 e-flex e-con-boxed e-con e-child\" data-id=\"827a6b7\" data-element_type=\"container\">\n\t\t\t\t\t<div class=\"e-con-inner\">\n\t\t<div class=\"elementor-element elementor-element-faaed9c e-con-full e-flex e-con e-child\" data-id=\"faaed9c\" data-element_type=\"container\">\n\t\t\t\t<div class=\"elementor-element elementor-element-b92be82 animated-slow elementor-invisible elementor-widget elementor-widget-text-editor\" data-id=\"b92be82\" data-element_type=\"widget\" data-settings=\"{&quot;_animation&quot;:&quot;fadeIn&quot;,&quot;_animation_delay&quot;:250,&quot;ekit_we_effect_on&quot;:&quot;none&quot;}\" data-widget_type=\"text-editor.default\">\n\t\t\t\t<div class=\"elementor-widget-container\">\n\t\t\t\t\t\t\t\t\t<p>Entamez votre innovation num\u00e9rique avec YG Pixel, votre destination incontournable pour des services de d\u00e9veloppement de sites Web de pointe. Chez YG Pixel, nous allions cr\u00e9ativit\u00e9 et expertise technique pour donner vie \u00e0 votre vision en ligne. Notre \u00e9quipe d\u00e9di\u00e9e de professionnels du d\u00e9veloppement Web s\u2019engage \u00e0 fournir des solutions sur mesure qui transcendent les normes de l\u2019industrie.<\/p>\t\t\t\t\t\t\t\t<\/div>\n\t\t\t\t<\/div>\n\t\t\t\t<\/div>\n\t\t<div class=\"elementor-element elementor-element-1175e0f e-con-full e-flex e-con e-child\" data-id=\"1175e0f\" data-element_type=\"container\">\n\t\t\t\t<div class=\"elementor-element elementor-element-2d90719 animated-slow elementor-invisible elementor-widget elementor-widget-image\" data-id=\"2d90719\" data-element_type=\"widget\" data-settings=\"{&quot;_animation&quot;:&quot;fadeIn&quot;,&quot;_animation_delay&quot;:250,&quot;ekit_we_effect_on&quot;:&quot;none&quot;}\" data-widget_type=\"image.default\">\n\t\t\t\t<div class=\"elementor-widget-container\">\n\t\t\t\t\t\t\t\t\t\t\t\t\t\t\t<img decoding=\"async\" src=\"https:\/\/ygpixel.com\/wp-content\/uploads\/elementor\/thumbs\/web-dev-qlrdawezrs47k53q9s1eeh0v0gop3iowakr9r8hzty.jpg\" title=\"web-dev\" alt=\"web-dev\" loading=\"lazy\" \/>\t\t\t\t\t\t\t\t\t\t\t\t\t\t\t<\/div>\n\t\t\t\t<\/div>\n\t\t\t\t<\/div>\n\t\t\t\t\t<\/div>\n\t\t\t\t<\/div>\n\t\t\t\t\t<\/div>\n\t\t\t\t<\/div>\n\t\t<div class=\"elementor-element elementor-element-4a152515 e-flex e-con-boxed e-con e-parent\" data-id=\"4a152515\" data-element_type=\"container\" data-settings=\"{&quot;background_background&quot;:&quot;classic&quot;,&quot;shape_divider_top&quot;:&quot;triangle-asymmetrical&quot;,&quot;shape_divider_bottom&quot;:&quot;triangle-asymmetrical&quot;}\">\n\t\t\t\t\t<div class=\"e-con-inner\">\n\t\t\t\t<div class=\"elementor-shape elementor-shape-top\" aria-hidden=\"true\" data-negative=\"false\">\n\t\t\t<svg xmlns=\"http:\/\/www.w3.org\/2000\/svg\" viewbox=\"0 0 1000 100\" preserveaspectratio=\"none\">\n\t<path class=\"elementor-shape-fill\" d=\"M738,99l262-93V0H0v5.6L738,99z\"\/>\n<\/svg>\t\t<\/div>\n\t\t\t\t<div class=\"elementor-shape elementor-shape-bottom\" aria-hidden=\"true\" data-negative=\"false\">\n\t\t\t<svg xmlns=\"http:\/\/www.w3.org\/2000\/svg\" viewbox=\"0 0 1000 100\" preserveaspectratio=\"none\">\n\t<path class=\"elementor-shape-fill\" d=\"M738,99l262-93V0H0v5.6L738,99z\"\/>\n<\/svg>\t\t<\/div>\n\t\t\t\t<div class=\"elementor-element elementor-element-58f5e7f0 animated-slow elementor-invisible elementor-widget elementor-widget-heading\" data-id=\"58f5e7f0\" data-element_type=\"widget\" data-settings=\"{&quot;_animation&quot;:&quot;fadeIn&quot;,&quot;_animation_delay&quot;:400,&quot;ekit_we_effect_on&quot;:&quot;none&quot;}\" data-widget_type=\"heading.default\">\n\t\t\t\t<div class=\"elementor-widget-container\">\n\t\t\t\t\t<h3 class=\"elementor-heading-title elementor-size-default\">Besoin d'un site Web ou d'une strat\u00e9gie de contenu et de r\u00e9f\u00e9rencement ?<\/h3>\t\t\t\t<\/div>\n\t\t\t\t<\/div>\n\t\t\t\t<div class=\"elementor-element elementor-element-7a7faa44 animated-slow elementor-invisible elementor-widget elementor-widget-text-editor\" data-id=\"7a7faa44\" data-element_type=\"widget\" data-settings=\"{&quot;_animation&quot;:&quot;fadeIn&quot;,&quot;_animation_delay&quot;:500,&quot;ekit_we_effect_on&quot;:&quot;none&quot;}\" data-widget_type=\"text-editor.default\">\n\t\t\t\t<div class=\"elementor-widget-container\">\n\t\t\t\t\t\t\t\t\t<p>Parlez nous de votre projet<\/p>\t\t\t\t\t\t\t\t<\/div>\n\t\t\t\t<\/div>\n\t\t\t\t<div class=\"elementor-element elementor-element-66e7a669 elementor-align-center animated-slow elementor-invisible elementor-widget elementor-widget-button\" data-id=\"66e7a669\" data-element_type=\"widget\" data-settings=\"{&quot;_animation&quot;:&quot;fadeIn&quot;,&quot;_animation_delay&quot;:600,&quot;ekit_we_effect_on&quot;:&quot;none&quot;}\" data-widget_type=\"button.default\">\n\t\t\t\t<div class=\"elementor-widget-container\">\n\t\t\t\t\t\t\t\t\t<div class=\"elementor-button-wrapper\">\n\t\t\t\t\t<a class=\"elementor-button elementor-button-link elementor-size-lg\" href=\"https:\/\/ygpixel.com\/fr\/soumission\/\">\n\t\t\t\t\t\t<span class=\"elementor-button-content-wrapper\">\n\t\t\t\t\t\t\t\t\t<span class=\"elementor-button-text\">Obtenez une soumission<\/span>\n\t\t\t\t\t<\/span>\n\t\t\t\t\t<\/a>\n\t\t\t\t<\/div>\n\t\t\t\t\t\t\t\t<\/div>\n\t\t\t\t<\/div>\n\t\t\t\t\t<\/div>\n\t\t\t\t<\/div>\n\t\t<div class=\"elementor-element elementor-element-95d1655 e-flex e-con-boxed e-con e-parent\" data-id=\"95d1655\" data-element_type=\"container\">\n\t\t\t\t\t<div class=\"e-con-inner\">\n\t\t\t\t<div class=\"elementor-element elementor-element-a0a2739 animated-slow elementor-invisible elementor-widget elementor-widget-heading\" data-id=\"a0a2739\" data-element_type=\"widget\" data-settings=\"{&quot;_animation&quot;:&quot;fadeIn&quot;,&quot;_animation_delay&quot;:300,&quot;ekit_we_effect_on&quot;:&quot;none&quot;}\" data-widget_type=\"heading.default\">\n\t\t\t\t<div class=\"elementor-widget-container\">\n\t\t\t\t\t<h2 class=\"elementor-heading-title elementor-size-default\">Pourquoi choisir YG Pixel pour le d\u00e9veloppement de sites Web ?<\/h2>\t\t\t\t<\/div>\n\t\t\t\t<\/div>\n\t\t<div class=\"elementor-element elementor-element-6ec5819 e-flex e-con-boxed e-con e-child\" data-id=\"6ec5819\" data-element_type=\"container\">\n\t\t\t\t\t<div class=\"e-con-inner\">\n\t\t<div class=\"elementor-element elementor-element-d45e5d5 e-con-full e-flex e-con e-child\" data-id=\"d45e5d5\" data-element_type=\"container\">\n\t\t\t\t<div class=\"elementor-element elementor-element-92b246d animated-slow elementor-invisible elementor-widget elementor-widget-heading\" data-id=\"92b246d\" data-element_type=\"widget\" data-settings=\"{&quot;_animation&quot;:&quot;fadeIn&quot;,&quot;_animation_delay&quot;:350,&quot;ekit_we_effect_on&quot;:&quot;none&quot;}\" data-widget_type=\"heading.default\">\n\t\t\t\t<div class=\"elementor-widget-container\">\n\t\t\t\t\t<h2 class=\"elementor-heading-title elementor-size-default\">Notre \u00e9quipe de d\u00e9veloppeurs Web qualifi\u00e9s se consacre \u00e0 fournir des solutions personnalis\u00e9es qui vont au-del\u00e0 des normes de l'industrie.<\/h2>\t\t\t\t<\/div>\n\t\t\t\t<\/div>\n\t\t\t\t<div class=\"elementor-element elementor-element-90bf3ca animated-slow elementor-invisible elementor-widget elementor-widget-text-editor\" data-id=\"90bf3ca\" data-element_type=\"widget\" data-settings=\"{&quot;_animation&quot;:&quot;fadeIn&quot;,&quot;_animation_delay&quot;:400,&quot;ekit_we_effect_on&quot;:&quot;none&quot;}\" data-widget_type=\"text-editor.default\">\n\t\t\t\t<div class=\"elementor-widget-container\">\n\t\t\t\t\t\t\t\t\t<p>YG Pixel, une agence de d\u00e9veloppement Web leader, vous invite \u00e0 faire l'exp\u00e9rience de l'excellence num\u00e9rique gr\u00e2ce \u00e0 ses services de d\u00e9veloppement de sites Web sur mesure. En mettant l'accent sur une conception unique, un d\u00e9veloppement r\u00e9actif, des fonctionnalit\u00e9s robustes, l'\u00e9volutivit\u00e9, l'int\u00e9gration SEO, une expertise en commerce \u00e9lectronique, des technologies innovantes et une approche collaborative, YG Pixel garantit que votre pr\u00e9sence en ligne se d\u00e9marque et \u00e9volue de mani\u00e8re transparente avec votre entreprise. Choisissez YG Pixel comme partenaire de d\u00e9veloppement Web et laissez-le transformer votre vision num\u00e9rique en une r\u00e9alit\u00e9 convaincante.<\/p><p>Choisissez YG Pixel comme partenaire de d\u00e9veloppement Web et laissez-nous transformer votre pr\u00e9sence num\u00e9rique en une exp\u00e9rience en ligne convaincante et efficace. Contactez-nous d\u00e8s aujourd'hui pour discuter de la mani\u00e8re dont YG Pixel peut donner vie \u00e0 vos id\u00e9es dans le domaine num\u00e9rique.<\/p>\t\t\t\t\t\t\t\t<\/div>\n\t\t\t\t<\/div>\n\t\t\t\t<\/div>\n\t\t<div class=\"elementor-element elementor-element-1e98bf3 e-con-full animated-slow e-flex elementor-invisible e-con e-child\" data-id=\"1e98bf3\" data-element_type=\"container\" data-settings=\"{&quot;animation&quot;:&quot;fadeIn&quot;,&quot;animation_delay&quot;:250}\">\n\t\t\t\t<div class=\"elementor-element elementor-element-79b95d5 elementor-position-left elementor-vertical-align-middle elementor-widget__width-inherit animated-slow elementor-invisible elementor-widget elementor-widget-image-box\" data-id=\"79b95d5\" data-element_type=\"widget\" data-settings=\"{&quot;_animation&quot;:&quot;fadeIn&quot;,&quot;_animation_delay&quot;:400,&quot;ekit_we_effect_on&quot;:&quot;none&quot;}\" data-widget_type=\"image-box.default\">\n\t\t\t\t<div class=\"elementor-widget-container\">\n\t\t\t\t\t<div class=\"elementor-image-box-wrapper\"><figure class=\"elementor-image-box-img\"><img fetchpriority=\"high\" decoding=\"async\" width=\"256\" height=\"256\" src=\"https:\/\/ygpixel.com\/wp-content\/uploads\/2024\/03\/responsive-design.png\" class=\"attachment-full size-full wp-image-1406\" alt=\"\" srcset=\"https:\/\/ygpixel.com\/wp-content\/uploads\/2024\/03\/responsive-design.png 256w, https:\/\/ygpixel.com\/wp-content\/uploads\/2024\/03\/responsive-design-150x150.png 150w\" sizes=\"(max-width: 256px) 100vw, 256px\" \/><\/figure><div class=\"elementor-image-box-content\"><h3 class=\"elementor-image-box-title\">Conception adaptive sur mesure<\/h3><p class=\"elementor-image-box-description\">Nous veillons \u00e0 ce que votre site Web soit non seulement superbe, mais qu'il fonctionne \u00e9galement de mani\u00e8re transparente sur tous les appareils, offrant ainsi une exp\u00e9rience utilisateur optimale.<\/p><\/div><\/div>\t\t\t\t<\/div>\n\t\t\t\t<\/div>\n\t\t\t\t<div class=\"elementor-element elementor-element-4a49a26 elementor-position-left elementor-vertical-align-middle elementor-widget__width-inherit animated-slow elementor-invisible elementor-widget elementor-widget-image-box\" data-id=\"4a49a26\" data-element_type=\"widget\" data-settings=\"{&quot;_animation&quot;:&quot;fadeIn&quot;,&quot;_animation_delay&quot;:450,&quot;ekit_we_effect_on&quot;:&quot;none&quot;}\" data-widget_type=\"image-box.default\">\n\t\t\t\t<div class=\"elementor-widget-container\">\n\t\t\t\t\t<div class=\"elementor-image-box-wrapper\"><figure class=\"elementor-image-box-img\"><img decoding=\"async\" width=\"256\" height=\"256\" src=\"https:\/\/ygpixel.com\/wp-content\/uploads\/2024\/03\/scalability.png\" class=\"attachment-full size-full wp-image-1426\" alt=\"\" srcset=\"https:\/\/ygpixel.com\/wp-content\/uploads\/2024\/03\/scalability.png 256w, https:\/\/ygpixel.com\/wp-content\/uploads\/2024\/03\/scalability-150x150.png 150w\" sizes=\"(max-width: 256px) 100vw, 256px\" \/><\/figure><div class=\"elementor-image-box-content\"><h3 class=\"elementor-image-box-title\">\u00c9volutivit\u00e9<\/h3><p class=\"elementor-image-box-description\">P\u00e9rennisez votre pr\u00e9sence en ligne avec des solutions \u00e9volutives. Les sites Web de YG Pixel sont con\u00e7us pour \u00e9voluer avec votre entreprise, en s'adaptant sans effort aux extensions et aux mises \u00e0 jour.<\/p><\/div><\/div>\t\t\t\t<\/div>\n\t\t\t\t<\/div>\n\t\t\t\t<div class=\"elementor-element elementor-element-aa65d49 elementor-position-left elementor-vertical-align-middle elementor-widget__width-inherit animated-slow elementor-invisible elementor-widget elementor-widget-image-box\" data-id=\"aa65d49\" data-element_type=\"widget\" data-settings=\"{&quot;_animation&quot;:&quot;fadeIn&quot;,&quot;_animation_delay&quot;:500,&quot;ekit_we_effect_on&quot;:&quot;none&quot;}\" data-widget_type=\"image-box.default\">\n\t\t\t\t<div class=\"elementor-widget-container\">\n\t\t\t\t\t<div class=\"elementor-image-box-wrapper\"><figure class=\"elementor-image-box-img\"><img decoding=\"async\" width=\"256\" height=\"256\" src=\"https:\/\/ygpixel.com\/wp-content\/uploads\/2024\/03\/seo-web.png\" class=\"attachment-full size-full wp-image-1428\" alt=\"\" srcset=\"https:\/\/ygpixel.com\/wp-content\/uploads\/2024\/03\/seo-web.png 256w, https:\/\/ygpixel.com\/wp-content\/uploads\/2024\/03\/seo-web-150x150.png 150w\" sizes=\"(max-width: 256px) 100vw, 256px\" \/><\/figure><div class=\"elementor-image-box-content\"><h3 class=\"elementor-image-box-title\">Int\u00e9gration SEO<\/h3><p class=\"elementor-image-box-description\">Maximisez votre visibilit\u00e9 en ligne avec des strat\u00e9gies de r\u00e9f\u00e9rencement int\u00e9gr\u00e9es. YG Pixel garantit que votre site Web est non seulement visuellement attrayant, mais \u00e9galement optimis\u00e9 pour les moteurs de recherche, am\u00e9liorant ainsi sa visibilit\u00e9.<\/p><\/div><\/div>\t\t\t\t<\/div>\n\t\t\t\t<\/div>\n\t\t\t\t<div class=\"elementor-element elementor-element-2d444f2 elementor-position-left elementor-vertical-align-middle elementor-widget__width-inherit animated-slow elementor-invisible elementor-widget elementor-widget-image-box\" data-id=\"2d444f2\" data-element_type=\"widget\" data-settings=\"{&quot;_animation&quot;:&quot;fadeIn&quot;,&quot;_animation_delay&quot;:550,&quot;ekit_we_effect_on&quot;:&quot;none&quot;}\" data-widget_type=\"image-box.default\">\n\t\t\t\t<div class=\"elementor-widget-container\">\n\t\t\t\t\t<div class=\"elementor-image-box-wrapper\"><figure class=\"elementor-image-box-img\"><img loading=\"lazy\" decoding=\"async\" width=\"256\" height=\"256\" src=\"https:\/\/ygpixel.com\/wp-content\/uploads\/2024\/03\/creative.png\" class=\"attachment-full size-full wp-image-1432\" alt=\"\" srcset=\"https:\/\/ygpixel.com\/wp-content\/uploads\/2024\/03\/creative.png 256w, https:\/\/ygpixel.com\/wp-content\/uploads\/2024\/03\/creative-150x150.png 150w\" sizes=\"(max-width: 256px) 100vw, 256px\" \/><\/figure><div class=\"elementor-image-box-content\"><h3 class=\"elementor-image-box-title\">Technologies innovantes<\/h3><p class=\"elementor-image-box-description\">Gardez une longueur d'avance gr\u00e2ce \u00e0 l'adoption par YG Pixel des derni\u00e8res technologies. Des int\u00e9grations d'IA aux exp\u00e9riences utilisateur immersives, nous exploitons des solutions innovantes pour des r\u00e9sultats in\u00e9gal\u00e9s.<\/p><\/div><\/div>\t\t\t\t<\/div>\n\t\t\t\t<\/div>\n\t\t\t\t<div class=\"elementor-element elementor-element-733d5da elementor-position-left elementor-vertical-align-middle elementor-widget__width-inherit animated-slow elementor-invisible elementor-widget elementor-widget-image-box\" data-id=\"733d5da\" data-element_type=\"widget\" data-settings=\"{&quot;_animation&quot;:&quot;fadeIn&quot;,&quot;_animation_delay&quot;:600,&quot;ekit_we_effect_on&quot;:&quot;none&quot;}\" data-widget_type=\"image-box.default\">\n\t\t\t\t<div class=\"elementor-widget-container\">\n\t\t\t\t\t<div class=\"elementor-image-box-wrapper\"><figure class=\"elementor-image-box-img\"><img loading=\"lazy\" decoding=\"async\" width=\"256\" height=\"256\" src=\"https:\/\/ygpixel.com\/wp-content\/uploads\/2024\/03\/collaborate.png\" class=\"attachment-full size-full wp-image-1434\" alt=\"\" srcset=\"https:\/\/ygpixel.com\/wp-content\/uploads\/2024\/03\/collaborate.png 256w, https:\/\/ygpixel.com\/wp-content\/uploads\/2024\/03\/collaborate-150x150.png 150w\" sizes=\"(max-width: 256px) 100vw, 256px\" \/><\/figure><div class=\"elementor-image-box-content\"><h3 class=\"elementor-image-box-title\">Approche collaborative<\/h3><p class=\"elementor-image-box-description\">Gardez une longueur d'avance gr\u00e2ce \u00e0 l'adoption par YG Pixel des derni\u00e8res technologies. Des int\u00e9grations d'IA aux exp\u00e9riences utilisateur immersives, nous exploitons des solutions innovantes pour des r\u00e9sultats in\u00e9gal\u00e9s.<\/p><\/div><\/div>\t\t\t\t<\/div>\n\t\t\t\t<\/div>\n\t\t\t\t<\/div>\n\t\t\t\t\t<\/div>\n\t\t\t\t<\/div>\n\t\t\t\t\t<\/div>\n\t\t\t\t<\/div>\n\t\t\t\t<\/div>","protected":false},"excerpt":{"rendered":"<p>Web design and development agency in Ottawa Creating Digital Excellence: YG Pixel &#8211; Your Leading Partner in Web Development Start a journey of digital innovation with YG Pixel, your go-to destination for cutting-edge website development services. At YG Pixel, we blend creativity with technical expertise to bring your online vision to life. Our dedicated team [&hellip;]<\/p>","protected":false},"author":1,"featured_media":0,"parent":0,"menu_order":0,"comment_status":"closed","ping_status":"closed","template":"","meta":{"_acf_changed":false,"footnotes":""},"class_list":["post-1203","page","type-page","status-publish","hentry"],"acf":[],"aioseo_notices":[],"_links":{"self":[{"href":"https:\/\/ygpixel.com\/fr\/wp-json\/wp\/v2\/pages\/1203","targetHints":{"allow":["GET"]}}],"collection":[{"href":"https:\/\/ygpixel.com\/fr\/wp-json\/wp\/v2\/pages"}],"about":[{"href":"https:\/\/ygpixel.com\/fr\/wp-json\/wp\/v2\/types\/page"}],"author":[{"embeddable":true,"href":"https:\/\/ygpixel.com\/fr\/wp-json\/wp\/v2\/users\/1"}],"replies":[{"embeddable":true,"href":"https:\/\/ygpixel.com\/fr\/wp-json\/wp\/v2\/comments?post=1203"}],"version-history":[{"count":10,"href":"https:\/\/ygpixel.com\/fr\/wp-json\/wp\/v2\/pages\/1203\/revisions"}],"predecessor-version":[{"id":2184,"href":"https:\/\/ygpixel.com\/fr\/wp-json\/wp\/v2\/pages\/1203\/revisions\/2184"}],"wp:attachment":[{"href":"https:\/\/ygpixel.com\/fr\/wp-json\/wp\/v2\/media?parent=1203"}],"curies":[{"name":"wp","href":"https:\/\/api.w.org\/{rel}","templated":true}]}}