{"id":1205,"date":"2024-03-20T22:43:58","date_gmt":"2024-03-20T22:43:58","guid":{"rendered":"https:\/\/ygpixel.com\/?page_id=1205"},"modified":"2024-06-27T21:57:39","modified_gmt":"2024-06-28T01:57:39","slug":"e-commerce-services","status":"publish","type":"page","link":"https:\/\/ygpixel.com\/fr\/commerce-en-ligne\/","title":{"rendered":"E-commerce services"},"content":{"rendered":"<div data-elementor-type=\"wp-page\" data-elementor-id=\"1205\" class=\"elementor elementor-1205\" data-elementor-post-type=\"page\">\n\t\t\t\t<div class=\"elementor-element elementor-element-ea5485d e-flex e-con-boxed e-con e-parent\" data-id=\"ea5485d\" data-element_type=\"container\" data-settings=\"{&quot;background_background&quot;:&quot;classic&quot;}\">\n\t\t\t\t\t<div class=\"e-con-inner\">\n\t\t\t\t<div class=\"elementor-element elementor-element-3a0d8f44 animated-slow elementor-invisible elementor-widget elementor-widget-heading\" data-id=\"3a0d8f44\" data-element_type=\"widget\" data-settings=\"{&quot;_animation&quot;:&quot;fadeIn&quot;,&quot;_animation_delay&quot;:100,&quot;ekit_we_effect_on&quot;:&quot;none&quot;}\" data-widget_type=\"heading.default\">\n\t\t\t\t<div class=\"elementor-widget-container\">\n\t\t\t\t\t<h1 class=\"elementor-heading-title elementor-size-default\">Agence de conception de commerce en ligne \u00e0 Gatineau<\/h1>\t\t\t\t<\/div>\n\t\t\t\t<\/div>\n\t\t\t\t\t<\/div>\n\t\t\t\t<\/div>\n\t\t<div class=\"elementor-element elementor-element-73f7c2e e-flex e-con-boxed e-con e-parent\" data-id=\"73f7c2e\" data-element_type=\"container\">\n\t\t\t\t\t<div class=\"e-con-inner\">\n\t\t\t\t<div class=\"elementor-element elementor-element-f293e8d service-title animated-slow elementor-invisible elementor-widget elementor-widget-heading\" data-id=\"f293e8d\" data-element_type=\"widget\" data-settings=\"{&quot;_animation&quot;:&quot;fadeIn&quot;,&quot;_animation_delay&quot;:200,&quot;ekit_we_effect_on&quot;:&quot;none&quot;}\" data-widget_type=\"heading.default\">\n\t\t\t\t<div class=\"elementor-widget-container\">\n\t\t\t\t\t<h2 class=\"elementor-heading-title elementor-size-default\">Cr\u00e9ez et optimisez votre boutique en ligne avec les solutions expertes de commerce \u00e9lectronique de YG Pixel.<\/h2>\t\t\t\t<\/div>\n\t\t\t\t<\/div>\n\t\t<div class=\"elementor-element elementor-element-90eea6c e-flex e-con-boxed e-con e-child\" data-id=\"90eea6c\" data-element_type=\"container\">\n\t\t\t\t\t<div class=\"e-con-inner\">\n\t\t<div class=\"elementor-element elementor-element-f07ad47 e-flex e-con-boxed e-con e-child\" data-id=\"f07ad47\" data-element_type=\"container\">\n\t\t\t\t\t<div class=\"e-con-inner\">\n\t\t\t\t<div class=\"elementor-element elementor-element-35f63fb animated-slow elementor-invisible elementor-widget elementor-widget-text-editor\" data-id=\"35f63fb\" data-element_type=\"widget\" data-settings=\"{&quot;_animation&quot;:&quot;fadeIn&quot;,&quot;_animation_delay&quot;:200,&quot;ekit_we_effect_on&quot;:&quot;none&quot;}\" data-widget_type=\"text-editor.default\">\n\t\t\t\t<div class=\"elementor-widget-container\">\n\t\t\t\t\t\t\t\t\t<p>Explorez le monde des exp\u00e9riences de vente au d\u00e9tail en ligne fluides avec YG Pixel, votre partenaire d\u00e9di\u00e9 au d\u00e9veloppement de sites Web de commerce \u00e9lectronique dynamiques et performants. Notre \u00e9quipe sp\u00e9cialis\u00e9e chez YG Pixel combine innovation et technologie de pointe pour cr\u00e9er des solutions de commerce \u00e9lectronique sur mesure qui correspondent aux exigences uniques de votre entreprise.<\/p>\t\t\t\t\t\t\t\t<\/div>\n\t\t\t\t<\/div>\n\t\t\t\t\t<\/div>\n\t\t\t\t<\/div>\n\t\t<div class=\"elementor-element elementor-element-3948e28 e-flex e-con-boxed e-con e-child\" data-id=\"3948e28\" data-element_type=\"container\">\n\t\t\t\t\t<div class=\"e-con-inner\">\n\t\t\t\t<div class=\"elementor-element elementor-element-bbc1b59 animated-slow elementor-invisible elementor-widget elementor-widget-image\" data-id=\"bbc1b59\" data-element_type=\"widget\" data-settings=\"{&quot;_animation&quot;:&quot;fadeIn&quot;,&quot;_animation_delay&quot;:200,&quot;ekit_we_effect_on&quot;:&quot;none&quot;}\" data-widget_type=\"image.default\">\n\t\t\t\t<div class=\"elementor-widget-container\">\n\t\t\t\t\t\t\t\t\t\t\t\t\t\t\t<img fetchpriority=\"high\" decoding=\"async\" width=\"640\" height=\"427\" src=\"https:\/\/ygpixel.com\/wp-content\/uploads\/2024\/03\/ecommerce-service.jpg\" class=\"attachment-large size-large wp-image-1445\" alt=\"\" srcset=\"https:\/\/ygpixel.com\/wp-content\/uploads\/2024\/03\/ecommerce-service.jpg 840w, https:\/\/ygpixel.com\/wp-content\/uploads\/2024\/03\/ecommerce-service-300x200.jpg 300w, https:\/\/ygpixel.com\/wp-content\/uploads\/2024\/03\/ecommerce-service-768x512.jpg 768w\" sizes=\"(max-width: 640px) 100vw, 640px\" \/>\t\t\t\t\t\t\t\t\t\t\t\t\t\t\t<\/div>\n\t\t\t\t<\/div>\n\t\t\t\t\t<\/div>\n\t\t\t\t<\/div>\n\t\t\t\t\t<\/div>\n\t\t\t\t<\/div>\n\t\t\t\t\t<\/div>\n\t\t\t\t<\/div>\n\t\t<div class=\"elementor-element elementor-element-7a20971a e-flex e-con-boxed e-con e-parent\" data-id=\"7a20971a\" data-element_type=\"container\" data-settings=\"{&quot;background_background&quot;:&quot;classic&quot;,&quot;shape_divider_top&quot;:&quot;triangle-asymmetrical&quot;,&quot;shape_divider_bottom&quot;:&quot;triangle-asymmetrical&quot;}\">\n\t\t\t\t\t<div class=\"e-con-inner\">\n\t\t\t\t<div class=\"elementor-shape elementor-shape-top\" aria-hidden=\"true\" data-negative=\"false\">\n\t\t\t<svg xmlns=\"http:\/\/www.w3.org\/2000\/svg\" viewbox=\"0 0 1000 100\" preserveaspectratio=\"none\">\n\t<path class=\"elementor-shape-fill\" d=\"M738,99l262-93V0H0v5.6L738,99z\"\/>\n<\/svg>\t\t<\/div>\n\t\t\t\t<div class=\"elementor-shape elementor-shape-bottom\" aria-hidden=\"true\" data-negative=\"false\">\n\t\t\t<svg xmlns=\"http:\/\/www.w3.org\/2000\/svg\" viewbox=\"0 0 1000 100\" preserveaspectratio=\"none\">\n\t<path class=\"elementor-shape-fill\" d=\"M738,99l262-93V0H0v5.6L738,99z\"\/>\n<\/svg>\t\t<\/div>\n\t\t\t\t<div class=\"elementor-element elementor-element-6d3cf36d animated-slow elementor-invisible elementor-widget elementor-widget-heading\" data-id=\"6d3cf36d\" data-element_type=\"widget\" data-settings=\"{&quot;_animation&quot;:&quot;fadeIn&quot;,&quot;_animation_delay&quot;:400,&quot;ekit_we_effect_on&quot;:&quot;none&quot;}\" data-widget_type=\"heading.default\">\n\t\t\t\t<div class=\"elementor-widget-container\">\n\t\t\t\t\t<h3 class=\"elementor-heading-title elementor-size-default\">Besoin d'un site Web ou d'une strat\u00e9gie de contenu et de r\u00e9f\u00e9rencement ?<\/h3>\t\t\t\t<\/div>\n\t\t\t\t<\/div>\n\t\t\t\t<div class=\"elementor-element elementor-element-35dd5f6d animated-slow elementor-invisible elementor-widget elementor-widget-text-editor\" data-id=\"35dd5f6d\" data-element_type=\"widget\" data-settings=\"{&quot;_animation&quot;:&quot;fadeIn&quot;,&quot;_animation_delay&quot;:500,&quot;ekit_we_effect_on&quot;:&quot;none&quot;}\" data-widget_type=\"text-editor.default\">\n\t\t\t\t<div class=\"elementor-widget-container\">\n\t\t\t\t\t\t\t\t\t<p>Parlez nous de votre projet<\/p>\t\t\t\t\t\t\t\t<\/div>\n\t\t\t\t<\/div>\n\t\t\t\t<div class=\"elementor-element elementor-element-202780ad elementor-align-center animated-slow elementor-invisible elementor-widget elementor-widget-button\" data-id=\"202780ad\" data-element_type=\"widget\" data-settings=\"{&quot;_animation&quot;:&quot;fadeIn&quot;,&quot;_animation_delay&quot;:600,&quot;ekit_we_effect_on&quot;:&quot;none&quot;}\" data-widget_type=\"button.default\">\n\t\t\t\t<div class=\"elementor-widget-container\">\n\t\t\t\t\t\t\t\t\t<div class=\"elementor-button-wrapper\">\n\t\t\t\t\t<a class=\"elementor-button elementor-button-link elementor-size-lg\" href=\"https:\/\/ygpixel.com\/fr\/soumission\/\">\n\t\t\t\t\t\t<span class=\"elementor-button-content-wrapper\">\n\t\t\t\t\t\t\t\t\t<span class=\"elementor-button-text\">Obtenez une soumission<\/span>\n\t\t\t\t\t<\/span>\n\t\t\t\t\t<\/a>\n\t\t\t\t<\/div>\n\t\t\t\t\t\t\t\t<\/div>\n\t\t\t\t<\/div>\n\t\t\t\t\t<\/div>\n\t\t\t\t<\/div>\n\t\t<div class=\"elementor-element elementor-element-d93aaf2 e-flex e-con-boxed e-con e-parent\" data-id=\"d93aaf2\" data-element_type=\"container\">\n\t\t\t\t\t<div class=\"e-con-inner\">\n\t\t\t\t<div class=\"elementor-element elementor-element-be11eb1 animated-slow elementor-invisible elementor-widget elementor-widget-heading\" data-id=\"be11eb1\" data-element_type=\"widget\" data-settings=\"{&quot;_animation&quot;:&quot;fadeIn&quot;,&quot;_animation_delay&quot;:300,&quot;ekit_we_effect_on&quot;:&quot;none&quot;}\" data-widget_type=\"heading.default\">\n\t\t\t\t<div class=\"elementor-widget-container\">\n\t\t\t\t\t<h2 class=\"elementor-heading-title elementor-size-default\">Pourquoi choisir les services de d\u00e9veloppement de commerce \u00e9lectronique de YG Pixel ?<\/h2>\t\t\t\t<\/div>\n\t\t\t\t<\/div>\n\t\t<div class=\"elementor-element elementor-element-1a2623a e-flex e-con-boxed e-con e-child\" data-id=\"1a2623a\" data-element_type=\"container\">\n\t\t\t\t\t<div class=\"e-con-inner\">\n\t\t<div class=\"elementor-element elementor-element-7c2d456 e-con-full e-flex e-con e-child\" data-id=\"7c2d456\" data-element_type=\"container\">\n\t\t\t\t<div class=\"elementor-element elementor-element-2988ffe animated-slow elementor-invisible elementor-widget elementor-widget-text-editor\" data-id=\"2988ffe\" data-element_type=\"widget\" data-settings=\"{&quot;_animation&quot;:&quot;fadeIn&quot;,&quot;_animation_delay&quot;:350,&quot;ekit_we_effect_on&quot;:&quot;none&quot;}\" data-widget_type=\"text-editor.default\">\n\t\t\t\t<div class=\"elementor-widget-container\">\n\t\t\t\t\t\t\t\t\t<p>Explorez des solutions e-commerce dynamiques et performantes avec YG Pixel, une agence de d\u00e9veloppement web d\u00e9di\u00e9e. Sp\u00e9cialis\u00e9s dans la conception centr\u00e9e sur l'utilisateur, l'optimisation mobile, les passerelles de paiement s\u00e9curis\u00e9es et les solutions \u00e9volutives, les services de commerce \u00e9lectronique de YG Pixel donnent la priorit\u00e9 \u00e0 des exp\u00e9riences utilisateur fluides. En mettant l'accent sur une gestion robuste des stocks, l'optimisation du r\u00e9f\u00e9rencement et des analyses d\u00e9taill\u00e9es, YG Pixel offre aux entreprises des boutiques en ligne visuellement attrayantes et conviviales. Choisissez YG Pixel comme partenaire de d\u00e9veloppement de commerce \u00e9lectronique pour transformer votre vision en une r\u00e9alit\u00e9 en ligne florissante.<\/p><p class=\"MsoNormal\">Choisissez YG Pixel comme partenaire de d\u00e9veloppement de commerce \u00e9lectronique et donnez \u00e0 votre entreprise en ligne une boutique en ligne visuellement attrayante, conviviale et \u00e0 fort taux de conversion. Contactez-nous d\u00e8s aujourd'hui pour d\u00e9couvrir comment YG Pixel peut transformer votre vision du commerce \u00e9lectronique en une r\u00e9alit\u00e9 florissante.<\/p>\t\t\t\t\t\t\t\t<\/div>\n\t\t\t\t<\/div>\n\t\t\t\t<\/div>\n\t\t<div class=\"elementor-element elementor-element-d305a45 e-con-full e-flex e-con e-child\" data-id=\"d305a45\" data-element_type=\"container\">\n\t\t\t\t<div class=\"elementor-element elementor-element-62d78c2 elementor-position-left elementor-vertical-align-middle elementor-widget__width-inherit animated-slow elementor-invisible elementor-widget elementor-widget-image-box\" data-id=\"62d78c2\" data-element_type=\"widget\" data-settings=\"{&quot;_animation&quot;:&quot;fadeIn&quot;,&quot;_animation_delay&quot;:350,&quot;ekit_we_effect_on&quot;:&quot;none&quot;}\" data-widget_type=\"image-box.default\">\n\t\t\t\t<div class=\"elementor-widget-container\">\n\t\t\t\t\t<div class=\"elementor-image-box-wrapper\"><figure class=\"elementor-image-box-img\"><img decoding=\"async\" width=\"256\" height=\"256\" src=\"https:\/\/ygpixel.com\/wp-content\/uploads\/2024\/03\/online-shopping.png\" class=\"attachment-full size-full wp-image-1463\" alt=\"\" srcset=\"https:\/\/ygpixel.com\/wp-content\/uploads\/2024\/03\/online-shopping.png 256w, https:\/\/ygpixel.com\/wp-content\/uploads\/2024\/03\/online-shopping-150x150.png 150w\" sizes=\"(max-width: 256px) 100vw, 256px\" \/><\/figure><div class=\"elementor-image-box-content\"><h3 class=\"elementor-image-box-title\">Strategic Design with User-Friendly Interfaces:<\/h3><p class=\"elementor-image-box-description\">Donnez la priorit\u00e9 \u00e0 la conception centr\u00e9e sur l\u2019utilisateur pour am\u00e9liorer l\u2019engagement. Assurez une exp\u00e9rience d'achat positive avec des interfaces intuitives et des processus de paiement rationalis\u00e9s, permettant aux visiteurs de trouver et d'acheter facilement des produits.<\/p><\/div><\/div>\t\t\t\t<\/div>\n\t\t\t\t<\/div>\n\t\t\t\t<div class=\"elementor-element elementor-element-573f9b7 elementor-position-left elementor-vertical-align-middle elementor-widget__width-inherit animated-slow elementor-invisible elementor-widget elementor-widget-image-box\" data-id=\"573f9b7\" data-element_type=\"widget\" data-settings=\"{&quot;_animation&quot;:&quot;fadeIn&quot;,&quot;_animation_delay&quot;:400,&quot;ekit_we_effect_on&quot;:&quot;none&quot;}\" data-widget_type=\"image-box.default\">\n\t\t\t\t<div class=\"elementor-widget-container\">\n\t\t\t\t\t<div class=\"elementor-image-box-wrapper\"><figure class=\"elementor-image-box-img\"><img decoding=\"async\" width=\"256\" height=\"256\" src=\"https:\/\/ygpixel.com\/wp-content\/uploads\/2024\/03\/online-shop.png\" class=\"attachment-full size-full wp-image-1464\" alt=\"\" srcset=\"https:\/\/ygpixel.com\/wp-content\/uploads\/2024\/03\/online-shop.png 256w, https:\/\/ygpixel.com\/wp-content\/uploads\/2024\/03\/online-shop-150x150.png 150w\" sizes=\"(max-width: 256px) 100vw, 256px\" \/><\/figure><div class=\"elementor-image-box-content\"><h3 class=\"elementor-image-box-title\">Optimisation mobile :<\/h3><p class=\"elementor-image-box-description\">Adaptez-vous \u00e0 la tendance des achats mobiles en vous assurant que votre site Web de commerce \u00e9lectronique est enti\u00e8rement optimis\u00e9 pour diff\u00e9rentes tailles d'\u00e9cran, offrant ainsi une exp\u00e9rience coh\u00e9rente sur tous les appareils.<\/p><\/div><\/div>\t\t\t\t<\/div>\n\t\t\t\t<\/div>\n\t\t\t\t<div class=\"elementor-element elementor-element-121ebbc elementor-position-left elementor-vertical-align-middle elementor-widget__width-inherit animated-slow elementor-invisible elementor-widget elementor-widget-image-box\" data-id=\"121ebbc\" data-element_type=\"widget\" data-settings=\"{&quot;_animation&quot;:&quot;fadeIn&quot;,&quot;_animation_delay&quot;:450,&quot;ekit_we_effect_on&quot;:&quot;none&quot;}\" data-widget_type=\"image-box.default\">\n\t\t\t\t<div class=\"elementor-widget-container\">\n\t\t\t\t\t<div class=\"elementor-image-box-wrapper\"><figure class=\"elementor-image-box-img\"><img loading=\"lazy\" decoding=\"async\" width=\"256\" height=\"256\" src=\"https:\/\/ygpixel.com\/wp-content\/uploads\/2024\/03\/credit-card.png\" class=\"attachment-full size-full wp-image-1466\" alt=\"\" srcset=\"https:\/\/ygpixel.com\/wp-content\/uploads\/2024\/03\/credit-card.png 256w, https:\/\/ygpixel.com\/wp-content\/uploads\/2024\/03\/credit-card-150x150.png 150w\" sizes=\"(max-width: 256px) 100vw, 256px\" \/><\/figure><div class=\"elementor-image-box-content\"><h3 class=\"elementor-image-box-title\">Passerelles de paiement s\u00e9curis\u00e9es : <\/h3><p class=\"elementor-image-box-description\">Renforcez la confiance dans les transactions en ligne en int\u00e9grant des passerelles de paiement s\u00e9curis\u00e9es, offrant aux clients un environnement s\u00fbr et fiable pour effectuer des achats.<\/p><\/div><\/div>\t\t\t\t<\/div>\n\t\t\t\t<\/div>\n\t\t\t\t<div class=\"elementor-element elementor-element-21e92c8 elementor-position-left elementor-vertical-align-middle elementor-widget__width-inherit animated-slow elementor-invisible elementor-widget elementor-widget-image-box\" data-id=\"21e92c8\" data-element_type=\"widget\" data-settings=\"{&quot;_animation&quot;:&quot;fadeIn&quot;,&quot;_animation_delay&quot;:500,&quot;ekit_we_effect_on&quot;:&quot;none&quot;}\" data-widget_type=\"image-box.default\">\n\t\t\t\t<div class=\"elementor-widget-container\">\n\t\t\t\t\t<div class=\"elementor-image-box-wrapper\"><figure class=\"elementor-image-box-img\"><img loading=\"lazy\" decoding=\"async\" width=\"256\" height=\"256\" src=\"https:\/\/ygpixel.com\/wp-content\/uploads\/2024\/03\/graph.png\" class=\"attachment-full size-full wp-image-1467\" alt=\"\" srcset=\"https:\/\/ygpixel.com\/wp-content\/uploads\/2024\/03\/graph.png 256w, https:\/\/ygpixel.com\/wp-content\/uploads\/2024\/03\/graph-150x150.png 150w\" sizes=\"(max-width: 256px) 100vw, 256px\" \/><\/figure><div class=\"elementor-image-box-content\"><h3 class=\"elementor-image-box-title\">\u00c9volutivit\u00e9 :<\/h3><p class=\"elementor-image-box-description\">P\u00e9rennisez votre activit\u00e9 de commerce \u00e9lectronique avec des solutions \u00e9volutives qui peuvent s'adapter \u00e0 l'augmentation des listes de produits, du trafic et des fonctionnalit\u00e9s \u00e0 mesure que votre entreprise se d\u00e9veloppe.<\/p><\/div><\/div>\t\t\t\t<\/div>\n\t\t\t\t<\/div>\n\t\t\t\t<div class=\"elementor-element elementor-element-195be8d elementor-position-left elementor-vertical-align-middle elementor-widget__width-inherit animated-slow elementor-invisible elementor-widget elementor-widget-image-box\" data-id=\"195be8d\" data-element_type=\"widget\" data-settings=\"{&quot;_animation&quot;:&quot;fadeIn&quot;,&quot;_animation_delay&quot;:550,&quot;ekit_we_effect_on&quot;:&quot;none&quot;}\" data-widget_type=\"image-box.default\">\n\t\t\t\t<div class=\"elementor-widget-container\">\n\t\t\t\t\t<div class=\"elementor-image-box-wrapper\"><figure class=\"elementor-image-box-img\"><img loading=\"lazy\" decoding=\"async\" width=\"256\" height=\"256\" src=\"https:\/\/ygpixel.com\/wp-content\/uploads\/2024\/03\/inventory.png\" class=\"attachment-full size-full wp-image-1468\" alt=\"\" srcset=\"https:\/\/ygpixel.com\/wp-content\/uploads\/2024\/03\/inventory.png 256w, https:\/\/ygpixel.com\/wp-content\/uploads\/2024\/03\/inventory-150x150.png 150w\" sizes=\"(max-width: 256px) 100vw, 256px\" \/><\/figure><div class=\"elementor-image-box-content\"><h3 class=\"elementor-image-box-title\">Gestion de l'inventaire: <\/h3><p class=\"elementor-image-box-description\">Rationalisez les op\u00e9rations avec des syst\u00e8mes de gestion des stocks robustes, vous permettant de g\u00e9rer et de suivre efficacement votre inventaire de produits.<\/p><\/div><\/div>\t\t\t\t<\/div>\n\t\t\t\t<\/div>\n\t\t\t\t<div class=\"elementor-element elementor-element-91bac76 elementor-position-left elementor-vertical-align-middle elementor-widget__width-inherit animated-slow elementor-invisible elementor-widget elementor-widget-image-box\" data-id=\"91bac76\" data-element_type=\"widget\" data-settings=\"{&quot;_animation&quot;:&quot;fadeIn&quot;,&quot;_animation_delay&quot;:600,&quot;ekit_we_effect_on&quot;:&quot;none&quot;}\" data-widget_type=\"image-box.default\">\n\t\t\t\t<div class=\"elementor-widget-container\">\n\t\t\t\t\t<div class=\"elementor-image-box-wrapper\"><figure class=\"elementor-image-box-img\"><img loading=\"lazy\" decoding=\"async\" width=\"256\" height=\"256\" src=\"https:\/\/ygpixel.com\/wp-content\/uploads\/2024\/03\/analytics.png\" class=\"attachment-full size-full wp-image-1469\" alt=\"\" srcset=\"https:\/\/ygpixel.com\/wp-content\/uploads\/2024\/03\/analytics.png 256w, https:\/\/ygpixel.com\/wp-content\/uploads\/2024\/03\/analytics-150x150.png 150w\" sizes=\"(max-width: 256px) 100vw, 256px\" \/><\/figure><div class=\"elementor-image-box-content\"><h3 class=\"elementor-image-box-title\">Optimisation SEO, analyses et rapports :<\/h3><p class=\"elementor-image-box-description\">Am\u00e9liorez votre visibilit\u00e9 en ligne et attirez des clients potentiels avec des sites Web de commerce \u00e9lectronique optimis\u00e9s pour le r\u00e9f\u00e9rencement et qui suivent les meilleures pratiques en mati\u00e8re de classement dans les moteurs de recherche. Restez inform\u00e9 des performances du commerce \u00e9lectronique gr\u00e2ce \u00e0 des outils d'analyse et de reporting d\u00e9taill\u00e9s, fournissant des informations sur le comportement des utilisateurs et les tendances des ventes.<\/p><\/div><\/div>\t\t\t\t<\/div>\n\t\t\t\t<\/div>\n\t\t\t\t<\/div>\n\t\t\t\t\t<\/div>\n\t\t\t\t<\/div>\n\t\t\t\t\t<\/div>\n\t\t\t\t<\/div>\n\t\t\t\t<\/div>","protected":false},"excerpt":{"rendered":"<p>E-commerce services agency in Ottawa Build and optimize Your Online Store with YG Pixel&#8217;s Expert E-Commerce Solutions. Explore the world of seamless online retail experiences with YG Pixel, your dedicated partner for developing dynamic and high-performing e-commerce websites. Our specialized team at YG Pixel combines innovation with advanced technology to create tailored e-commerce solutions that [&hellip;]<\/p>","protected":false},"author":1,"featured_media":0,"parent":0,"menu_order":0,"comment_status":"closed","ping_status":"closed","template":"","meta":{"_acf_changed":false,"footnotes":""},"class_list":["post-1205","page","type-page","status-publish","hentry"],"acf":[],"aioseo_notices":[],"_links":{"self":[{"href":"https:\/\/ygpixel.com\/fr\/wp-json\/wp\/v2\/pages\/1205","targetHints":{"allow":["GET"]}}],"collection":[{"href":"https:\/\/ygpixel.com\/fr\/wp-json\/wp\/v2\/pages"}],"about":[{"href":"https:\/\/ygpixel.com\/fr\/wp-json\/wp\/v2\/types\/page"}],"author":[{"embeddable":true,"href":"https:\/\/ygpixel.com\/fr\/wp-json\/wp\/v2\/users\/1"}],"replies":[{"embeddable":true,"href":"https:\/\/ygpixel.com\/fr\/wp-json\/wp\/v2\/comments?post=1205"}],"version-history":[{"count":10,"href":"https:\/\/ygpixel.com\/fr\/wp-json\/wp\/v2\/pages\/1205\/revisions"}],"predecessor-version":[{"id":2169,"href":"https:\/\/ygpixel.com\/fr\/wp-json\/wp\/v2\/pages\/1205\/revisions\/2169"}],"wp:attachment":[{"href":"https:\/\/ygpixel.com\/fr\/wp-json\/wp\/v2\/media?parent=1205"}],"curies":[{"name":"wp","href":"https:\/\/api.w.org\/{rel}","templated":true}]}}