{"id":14,"date":"2024-02-21T02:28:13","date_gmt":"2024-02-21T02:28:13","guid":{"rendered":"https:\/\/ygpixel.com\/?page_id=14"},"modified":"2025-01-30T12:15:56","modified_gmt":"2025-01-30T16:15:56","slug":"about","status":"publish","type":"page","link":"https:\/\/ygpixel.com\/fr\/a-propos\/","title":{"rendered":"\u00c0 propos"},"content":{"rendered":"<div data-elementor-type=\"wp-page\" data-elementor-id=\"14\" class=\"elementor elementor-14\" data-elementor-post-type=\"page\">\n\t\t\t\t<div class=\"elementor-element elementor-element-4aad44c animated-slow e-flex e-con-boxed elementor-invisible e-con e-parent\" data-id=\"4aad44c\" data-element_type=\"container\" data-settings=\"{&quot;background_background&quot;:&quot;classic&quot;,&quot;animation&quot;:&quot;fadeIn&quot;}\">\n\t\t\t\t\t<div class=\"e-con-inner\">\n\t\t\t\t<div class=\"elementor-element elementor-element-48ae1f2 animated-slow elementor-invisible elementor-widget elementor-widget-heading\" data-id=\"48ae1f2\" data-element_type=\"widget\" data-settings=\"{&quot;_animation&quot;:&quot;fadeIn&quot;,&quot;_animation_delay&quot;:100,&quot;ekit_we_effect_on&quot;:&quot;none&quot;}\" data-widget_type=\"heading.default\">\n\t\t\t\t<div class=\"elementor-widget-container\">\n\t\t\t\t\t<h1 class=\"elementor-heading-title elementor-size-default\">Agence web \u00e0 Gatineau en Outaouais<\/h1>\t\t\t\t<\/div>\n\t\t\t\t<\/div>\n\t\t\t\t\t<\/div>\n\t\t\t\t<\/div>\n\t\t<section class=\"elementor-element elementor-element-838792b page-section e-flex e-con-boxed e-con e-parent\" data-id=\"838792b\" data-element_type=\"container\">\n\t\t\t\t\t<div class=\"e-con-inner\">\n\t\t\t\t<div class=\"elementor-element elementor-element-b4eda02 elementor-invisible elementor-widget elementor-widget-text-editor\" data-id=\"b4eda02\" data-element_type=\"widget\" data-settings=\"{&quot;_animation&quot;:&quot;fadeIn&quot;,&quot;_animation_delay&quot;:250,&quot;ekit_we_effect_on&quot;:&quot;none&quot;}\" data-widget_type=\"text-editor.default\">\n\t\t\t\t<div class=\"elementor-widget-container\">\n\t\t\t\t\t\t\t\t\t<p><strong>YG Pixel<\/strong> a \u00e9t\u00e9 fond\u00e9e sur une conviction simple mais puissante : chaque entreprise, quelle que soit sa taille ou son secteur d'activit\u00e9, m\u00e9rite une pr\u00e9sence en ligne puissante et efficace. Nous ne sommes pas une simple agence web de plus ; nous nous consid\u00e9rons comme vos partenaires d\u00e9vou\u00e9s dans votre r\u00e9ussite num\u00e9rique. Nous comprenons que votre site web est souvent la premi\u00e8re impression que vous faites sur des clients potentiels, et c'est pourquoi nous nous engageons \u00e0 cr\u00e9er des exp\u00e9riences en ligne qui non seulement sont esth\u00e9tiques, mais qui g\u00e9n\u00e8rent \u00e9galement de r\u00e9els r\u00e9sultats commerciaux.<\/p><p data-sourcepos=\"7:3-7:508\">Nous adoptons une approche collaborative et centr\u00e9e sur le client pour chaque projet. Nous commen\u00e7ons par \u00e9couter attentivement vos besoins, en prenant le temps de comprendre vos objectifs uniques, votre public cible et votre identit\u00e9 de marque. Cela nous permet de d\u00e9velopper des solutions v\u00e9ritablement personnalis\u00e9es, adapt\u00e9es \u00e0 vos exigences sp\u00e9cifiques et con\u00e7ues pour atteindre vos objectifs en ligne. Que vous lanciez une nouvelle entreprise, que vous modernisiez un site web existant ou que vous cherchiez \u00e0 \u00e9largir votre port\u00e9e en ligne, nous sommes l\u00e0 pour vous guider \u00e0 chaque \u00e9tape.<\/p><p>Notre \u00e9quipe talentueuse est compos\u00e9e de designers exp\u00e9riment\u00e9s, de d\u00e9veloppeurs comp\u00e9tents et de sp\u00e9cialistes du marketing strat\u00e9gique qui sont passionn\u00e9s par l'id\u00e9e d'aider les entreprises \u00e0 prosp\u00e9rer en ligne. Nous apportons une gamme diversifi\u00e9e d'expertises, ce qui nous permet d'offrir une suite compl\u00e8te de services num\u00e9riques, notamment : <strong><strong>Conception et d\u00e9veloppement web<\/strong><\/strong>, <strong><strong>Solutions de commerce \u00e9lectronique<\/strong>,<\/strong> <strong><strong>Optimisation pour les moteurs de recherche (SEO)<\/strong><\/strong><\/p>\t\t\t\t\t\t\t\t<\/div>\n\t\t\t\t<\/div>\n\t\t\t\t\t<\/div>\n\t\t\t\t<\/section>\n\t\t<div class=\"elementor-element elementor-element-4489c0b1 e-flex e-con-boxed e-con e-parent\" data-id=\"4489c0b1\" data-element_type=\"container\" data-settings=\"{&quot;background_background&quot;:&quot;classic&quot;,&quot;shape_divider_top&quot;:&quot;triangle-asymmetrical&quot;,&quot;shape_divider_bottom&quot;:&quot;triangle-asymmetrical&quot;}\">\n\t\t\t\t\t<div class=\"e-con-inner\">\n\t\t\t\t<div class=\"elementor-shape elementor-shape-top\" aria-hidden=\"true\" data-negative=\"false\">\n\t\t\t<svg xmlns=\"http:\/\/www.w3.org\/2000\/svg\" viewbox=\"0 0 1000 100\" preserveaspectratio=\"none\">\n\t<path class=\"elementor-shape-fill\" d=\"M738,99l262-93V0H0v5.6L738,99z\"\/>\n<\/svg>\t\t<\/div>\n\t\t\t\t<div class=\"elementor-shape elementor-shape-bottom\" aria-hidden=\"true\" data-negative=\"false\">\n\t\t\t<svg xmlns=\"http:\/\/www.w3.org\/2000\/svg\" viewbox=\"0 0 1000 100\" preserveaspectratio=\"none\">\n\t<path class=\"elementor-shape-fill\" d=\"M738,99l262-93V0H0v5.6L738,99z\"\/>\n<\/svg>\t\t<\/div>\n\t\t\t\t<div class=\"elementor-element elementor-element-7ea61f92 animated-slow elementor-invisible elementor-widget elementor-widget-heading\" data-id=\"7ea61f92\" data-element_type=\"widget\" data-settings=\"{&quot;_animation&quot;:&quot;fadeIn&quot;,&quot;_animation_delay&quot;:400,&quot;ekit_we_effect_on&quot;:&quot;none&quot;}\" data-widget_type=\"heading.default\">\n\t\t\t\t<div class=\"elementor-widget-container\">\n\t\t\t\t\t<h3 class=\"elementor-heading-title elementor-size-default\">Besoin d'un site Web ou d'une strat\u00e9gie de contenu et de r\u00e9f\u00e9rencement ?<\/h3>\t\t\t\t<\/div>\n\t\t\t\t<\/div>\n\t\t\t\t<div class=\"elementor-element elementor-element-1f178736 animated-slow elementor-invisible elementor-widget elementor-widget-text-editor\" data-id=\"1f178736\" data-element_type=\"widget\" data-settings=\"{&quot;_animation&quot;:&quot;fadeIn&quot;,&quot;_animation_delay&quot;:500,&quot;ekit_we_effect_on&quot;:&quot;none&quot;}\" data-widget_type=\"text-editor.default\">\n\t\t\t\t<div class=\"elementor-widget-container\">\n\t\t\t\t\t\t\t\t\t<p>Parlez nous de votre projet<\/p>\t\t\t\t\t\t\t\t<\/div>\n\t\t\t\t<\/div>\n\t\t\t\t<div class=\"elementor-element elementor-element-4a96e1ca elementor-align-center animated-slow elementor-invisible elementor-widget elementor-widget-button\" data-id=\"4a96e1ca\" data-element_type=\"widget\" data-settings=\"{&quot;_animation&quot;:&quot;fadeIn&quot;,&quot;_animation_delay&quot;:600,&quot;ekit_we_effect_on&quot;:&quot;none&quot;}\" data-widget_type=\"button.default\">\n\t\t\t\t<div class=\"elementor-widget-container\">\n\t\t\t\t\t\t\t\t\t<div class=\"elementor-button-wrapper\">\n\t\t\t\t\t<a class=\"elementor-button elementor-button-link elementor-size-lg\" href=\"https:\/\/ygpixel.com\/fr\/soumission\/\">\n\t\t\t\t\t\t<span class=\"elementor-button-content-wrapper\">\n\t\t\t\t\t\t\t\t\t<span class=\"elementor-button-text\">Obtenez une soumission<\/span>\n\t\t\t\t\t<\/span>\n\t\t\t\t\t<\/a>\n\t\t\t\t<\/div>\n\t\t\t\t\t\t\t\t<\/div>\n\t\t\t\t<\/div>\n\t\t\t\t\t<\/div>\n\t\t\t\t<\/div>\n\t\t<div class=\"elementor-element elementor-element-c436b39 e-flex e-con-boxed e-con e-parent\" data-id=\"c436b39\" data-element_type=\"container\">\n\t\t\t\t\t<div class=\"e-con-inner\">\n\t\t\t\t<div class=\"elementor-element elementor-element-681f85e animated-slow elementor-invisible elementor-widget elementor-widget-heading\" data-id=\"681f85e\" data-element_type=\"widget\" data-settings=\"{&quot;_animation&quot;:&quot;fadeIn&quot;,&quot;_animation_delay&quot;:200,&quot;ekit_we_effect_on&quot;:&quot;none&quot;}\" data-widget_type=\"heading.default\">\n\t\t\t\t<div class=\"elementor-widget-container\">\n\t\t\t\t\t<h2 class=\"elementor-heading-title elementor-size-default\">Les avantages de choisir une agence professionnelle<\/h2>\t\t\t\t<\/div>\n\t\t\t\t<\/div>\n\t\t\t\t\t<\/div>\n\t\t\t\t<\/div>\n\t\t<div class=\"elementor-element elementor-element-baa3007 e-flex e-con-boxed e-con e-parent\" data-id=\"baa3007\" data-element_type=\"container\">\n\t\t\t\t\t<div class=\"e-con-inner\">\n\t\t\t\t<div class=\"elementor-element elementor-element-2e00443 elementor-widget__width-initial animated-slow elementor-position-top elementor-invisible elementor-widget elementor-widget-image-box\" data-id=\"2e00443\" data-element_type=\"widget\" data-settings=\"{&quot;_animation&quot;:&quot;fadeIn&quot;,&quot;_animation_delay&quot;:250,&quot;ekit_we_effect_on&quot;:&quot;none&quot;}\" data-widget_type=\"image-box.default\">\n\t\t\t\t<div class=\"elementor-widget-container\">\n\t\t\t\t\t<div class=\"elementor-image-box-wrapper\"><figure class=\"elementor-image-box-img\"><img fetchpriority=\"high\" decoding=\"async\" width=\"256\" height=\"256\" src=\"https:\/\/ygpixel.com\/wp-content\/uploads\/2024\/03\/expertize.png\" class=\"elementor-animation-grow attachment-full size-full wp-image-1078\" alt=\"\" srcset=\"https:\/\/ygpixel.com\/wp-content\/uploads\/2024\/03\/expertize.png 256w, https:\/\/ygpixel.com\/wp-content\/uploads\/2024\/03\/expertize-150x150.png 150w\" sizes=\"(max-width: 256px) 100vw, 256px\" \/><\/figure><div class=\"elementor-image-box-content\"><h3 class=\"elementor-image-box-title\">Expertise et exp\u00e9rience<\/h3><p class=\"elementor-image-box-description\">Les agences de conception de sites Web professionnelles disposent g\u00e9n\u00e9ralement d\u2019une \u00e9quipe de designers, de d\u00e9veloppeurs et de sp\u00e9cialistes du marketing qualifi\u00e9s poss\u00e9dant une vaste exp\u00e9rience dans la cr\u00e9ation de sites Web efficaces. Ils comprennent les derni\u00e8res tendances en mati\u00e8re de conception, les normes de codage et les meilleures pratiques, garantissant ainsi que votre site Web est non seulement visuellement attrayant, mais \u00e9galement fonctionnel et convivial.<\/p><\/div><\/div>\t\t\t\t<\/div>\n\t\t\t\t<\/div>\n\t\t\t\t<div class=\"elementor-element elementor-element-e17387e elementor-widget__width-initial animated-slow elementor-position-top elementor-invisible elementor-widget elementor-widget-image-box\" data-id=\"e17387e\" data-element_type=\"widget\" data-settings=\"{&quot;_animation&quot;:&quot;fadeIn&quot;,&quot;_animation_delay&quot;:250,&quot;ekit_we_effect_on&quot;:&quot;none&quot;}\" data-widget_type=\"image-box.default\">\n\t\t\t\t<div class=\"elementor-widget-container\">\n\t\t\t\t\t<div class=\"elementor-image-box-wrapper\"><figure class=\"elementor-image-box-img\"><img decoding=\"async\" width=\"256\" height=\"256\" src=\"https:\/\/ygpixel.com\/wp-content\/uploads\/2024\/03\/ux1.png\" class=\"elementor-animation-grow attachment-full size-full wp-image-1131\" alt=\"\" srcset=\"https:\/\/ygpixel.com\/wp-content\/uploads\/2024\/03\/ux1.png 256w, https:\/\/ygpixel.com\/wp-content\/uploads\/2024\/03\/ux1-150x150.png 150w\" sizes=\"(max-width: 256px) 100vw, 256px\" \/><\/figure><div class=\"elementor-image-box-content\"><h3 class=\"elementor-image-box-title\">Personnalisation<\/h3><p class=\"elementor-image-box-description\">Les agences de conception de sites Web professionnelles peuvent adapter leurs services pour r\u00e9pondre \u00e0 vos besoins et objectifs sp\u00e9cifiques. Ils prennent le temps de comprendre votre entreprise, votre public cible et vos objectifs, ce qui leur permet de cr\u00e9er un site Web personnalis\u00e9 qui refl\u00e8te votre identit\u00e9 de marque et trouve un \u00e9cho aupr\u00e8s de vos clients.<\/p><\/div><\/div>\t\t\t\t<\/div>\n\t\t\t\t<\/div>\n\t\t\t\t<div class=\"elementor-element elementor-element-92668f2 elementor-position-left elementor-position-top elementor-widget__width-initial mrgn-tp-bttm-30 animated-slow elementor-vertical-align-top elementor-invisible elementor-widget elementor-widget-image-box\" data-id=\"92668f2\" data-element_type=\"widget\" data-settings=\"{&quot;_animation&quot;:&quot;fadeIn&quot;,&quot;_animation_delay&quot;:300,&quot;ekit_we_effect_on&quot;:&quot;none&quot;}\" data-widget_type=\"image-box.default\">\n\t\t\t\t<div class=\"elementor-widget-container\">\n\t\t\t\t\t<div class=\"elementor-image-box-wrapper\"><figure class=\"elementor-image-box-img\"><img decoding=\"async\" width=\"256\" height=\"256\" src=\"https:\/\/ygpixel.com\/wp-content\/uploads\/2024\/03\/seo2.png\" class=\"elementor-animation-grow attachment-full size-full wp-image-1096\" alt=\"\" srcset=\"https:\/\/ygpixel.com\/wp-content\/uploads\/2024\/03\/seo2.png 256w, https:\/\/ygpixel.com\/wp-content\/uploads\/2024\/03\/seo2-150x150.png 150w\" sizes=\"(max-width: 256px) 100vw, 256px\" \/><\/figure><div class=\"elementor-image-box-content\"><h3 class=\"elementor-image-box-title\">Optimisation pour les moteurs de recherche (SEO)<\/h3><p class=\"elementor-image-box-description\">Un site Web bien con\u00e7u n\u2019est efficace que s\u2019il peut \u00eatre trouv\u00e9 par votre public cible. Les agences de conception de sites Web professionnelles poss\u00e8dent une expertise dans les techniques d'optimisation des moteurs de recherche (SEO), garantissant que votre site Web est optimis\u00e9 pour les mots-cl\u00e9s pertinents, dispose de balises m\u00e9ta appropri\u00e9es et suit les meilleures pratiques de r\u00e9f\u00e9rencement. Cela peut aider \u00e0 am\u00e9liorer la visibilit\u00e9 de votre site Web dans les r\u00e9sultats des moteurs de recherche et \u00e0 g\u00e9n\u00e9rer du trafic organique.<\/p><\/div><\/div>\t\t\t\t<\/div>\n\t\t\t\t<\/div>\n\t\t\t\t<div class=\"elementor-element elementor-element-e5a0e43 elementor-widget__width-initial animated-slow elementor-position-top elementor-invisible elementor-widget elementor-widget-image-box\" data-id=\"e5a0e43\" data-element_type=\"widget\" data-settings=\"{&quot;_animation&quot;:&quot;fadeIn&quot;,&quot;_animation_delay&quot;:350,&quot;ekit_we_effect_on&quot;:&quot;none&quot;}\" data-widget_type=\"image-box.default\">\n\t\t\t\t<div class=\"elementor-widget-container\">\n\t\t\t\t\t<div class=\"elementor-image-box-wrapper\"><figure class=\"elementor-image-box-img\"><img loading=\"lazy\" decoding=\"async\" width=\"256\" height=\"256\" src=\"https:\/\/ygpixel.com\/wp-content\/uploads\/2024\/03\/mobile.png\" class=\"elementor-animation-grow attachment-full size-full wp-image-1095\" alt=\"\" srcset=\"https:\/\/ygpixel.com\/wp-content\/uploads\/2024\/03\/mobile.png 256w, https:\/\/ygpixel.com\/wp-content\/uploads\/2024\/03\/mobile-150x150.png 150w\" sizes=\"(max-width: 256px) 100vw, 256px\" \/><\/figure><div class=\"elementor-image-box-content\"><h3 class=\"elementor-image-box-title\">Design adaptative<\/h3><p class=\"elementor-image-box-description\">Avec l\u2019utilisation croissante des appareils mobiles, il est essentiel que les sites Web soient r\u00e9actifs et adapt\u00e9s aux mobiles. Les agences de conception de sites Web professionnelles comprennent l'importance d'un design r\u00e9actif et veillent \u00e0 ce que votre site Web s'affiche et fonctionne de mani\u00e8re transparente sur diff\u00e9rents appareils et tailles d'\u00e9cran. Cela am\u00e9liore l'exp\u00e9rience utilisateur et peut conduire \u00e0 des taux de conversion plus \u00e9lev\u00e9s.<\/p><\/div><\/div>\t\t\t\t<\/div>\n\t\t\t\t<\/div>\n\t\t\t\t<div class=\"elementor-element elementor-element-0c130de elementor-widget__width-initial animated-slow elementor-position-top elementor-invisible elementor-widget elementor-widget-image-box\" data-id=\"0c130de\" data-element_type=\"widget\" data-settings=\"{&quot;_animation&quot;:&quot;fadeIn&quot;,&quot;_animation_delay&quot;:350,&quot;ekit_we_effect_on&quot;:&quot;none&quot;}\" data-widget_type=\"image-box.default\">\n\t\t\t\t<div class=\"elementor-widget-container\">\n\t\t\t\t\t<div class=\"elementor-image-box-wrapper\"><figure class=\"elementor-image-box-img\"><img loading=\"lazy\" decoding=\"async\" width=\"256\" height=\"256\" src=\"https:\/\/ygpixel.com\/wp-content\/uploads\/2024\/03\/technical-support.png\" class=\"elementor-animation-grow attachment-full size-full wp-image-1097\" alt=\"\" srcset=\"https:\/\/ygpixel.com\/wp-content\/uploads\/2024\/03\/technical-support.png 256w, https:\/\/ygpixel.com\/wp-content\/uploads\/2024\/03\/technical-support-150x150.png 150w\" sizes=\"(max-width: 256px) 100vw, 256px\" \/><\/figure><div class=\"elementor-image-box-content\"><h3 class=\"elementor-image-box-title\">Support et maintenance continus<\/h3><p class=\"elementor-image-box-description\">Cr\u00e9er un site Web n'est que la premi\u00e8re \u00e9tape. Les agences de conception de sites Web professionnelles fournissent des services d'assistance et de maintenance continus pour garantir que votre site Web reste s\u00e9curis\u00e9, \u00e0 jour et optimis\u00e9 en termes de performances. Des mises \u00e0 jour logicielles au d\u00e9pannage, ils g\u00e8rent les aspects techniques de la gestion du site Web, vous permettant de vous concentrer sur la gestion de votre entreprise.<\/p><\/div><\/div>\t\t\t\t<\/div>\n\t\t\t\t<\/div>\n\t\t\t\t\t<\/div>\n\t\t\t\t<\/div>\n\t\t<div class=\"elementor-element elementor-element-442e95a e-flex e-con-boxed e-con e-parent\" data-id=\"442e95a\" data-element_type=\"container\">\n\t\t\t\t\t<div class=\"e-con-inner\">\n\t\t\t\t<div class=\"elementor-element elementor-element-cd20f58 animated-slow elementor-invisible elementor-widget elementor-widget-text-editor\" data-id=\"cd20f58\" data-element_type=\"widget\" data-settings=\"{&quot;_animation&quot;:&quot;fadeIn&quot;,&quot;_animation_delay&quot;:400,&quot;ekit_we_effect_on&quot;:&quot;none&quot;}\" data-widget_type=\"text-editor.default\">\n\t\t\t\t<div class=\"elementor-widget-container\">\n\t\t\t\t\t\t\t\t\t<p>Dans l\u2019ensemble, faire appel \u00e0 une agence de conception de sites Web professionnelle peut vous faire \u00e9conomiser du temps et des ressources tout en vous fournissant un site Web personnalis\u00e9 de haute qualit\u00e9 qui vous aide \u00e0 atteindre vos objectifs commerciaux.<\/p>\t\t\t\t\t\t\t\t<\/div>\n\t\t\t\t<\/div>\n\t\t\t\t\t<\/div>\n\t\t\t\t<\/div>\n\t\t\t\t<\/div>","protected":false},"excerpt":{"rendered":"<p>Web design agency in Ottawa YG Pixel was founded on a simple but powerful belief: every business, regardless of size or industry, deserves a powerful and effective online presence. We&#8217;re not just another web agency; we see ourselves as your dedicated partners in digital success. We understand that your website is often the first impression [&hellip;]<\/p>","protected":false},"author":1,"featured_media":0,"parent":0,"menu_order":0,"comment_status":"closed","ping_status":"closed","template":"","meta":{"_acf_changed":false,"footnotes":""},"class_list":["post-14","page","type-page","status-publish","hentry"],"acf":[],"aioseo_notices":[],"_links":{"self":[{"href":"https:\/\/ygpixel.com\/fr\/wp-json\/wp\/v2\/pages\/14","targetHints":{"allow":["GET"]}}],"collection":[{"href":"https:\/\/ygpixel.com\/fr\/wp-json\/wp\/v2\/pages"}],"about":[{"href":"https:\/\/ygpixel.com\/fr\/wp-json\/wp\/v2\/types\/page"}],"author":[{"embeddable":true,"href":"https:\/\/ygpixel.com\/fr\/wp-json\/wp\/v2\/users\/1"}],"replies":[{"embeddable":true,"href":"https:\/\/ygpixel.com\/fr\/wp-json\/wp\/v2\/comments?post=14"}],"version-history":[{"count":10,"href":"https:\/\/ygpixel.com\/fr\/wp-json\/wp\/v2\/pages\/14\/revisions"}],"predecessor-version":[{"id":2253,"href":"https:\/\/ygpixel.com\/fr\/wp-json\/wp\/v2\/pages\/14\/revisions\/2253"}],"wp:attachment":[{"href":"https:\/\/ygpixel.com\/fr\/wp-json\/wp\/v2\/media?parent=14"}],"curies":[{"name":"wp","href":"https:\/\/api.w.org\/{rel}","templated":true}]}}