{"id":18,"date":"2024-02-21T02:28:54","date_gmt":"2024-02-21T02:28:54","guid":{"rendered":"https:\/\/ygpixel.com\/?page_id=18"},"modified":"2024-06-27T21:53:15","modified_gmt":"2024-06-28T01:53:15","slug":"contact","status":"publish","type":"page","link":"https:\/\/ygpixel.com\/fr\/contact\/","title":{"rendered":"Contactez-nous"},"content":{"rendered":"<div data-elementor-type=\"wp-page\" data-elementor-id=\"18\" class=\"elementor elementor-18\" data-elementor-post-type=\"page\">\n\t\t\t\t<div class=\"elementor-element elementor-element-b229545 e-con-full e-flex e-con e-parent\" data-id=\"b229545\" data-element_type=\"container\">\n\t\t\t\t<div class=\"elementor-element elementor-element-f5814b9 elementor-widget elementor-widget-google_maps\" data-id=\"f5814b9\" data-element_type=\"widget\" data-settings=\"{&quot;ekit_we_effect_on&quot;:&quot;none&quot;}\" data-widget_type=\"google_maps.default\">\n\t\t\t\t<div class=\"elementor-widget-container\">\n\t\t\t\t\t\t\t<div class=\"elementor-custom-embed\">\n\t\t\t<iframe loading=\"lazy\"\n\t\t\t\t\tsrc=\"https:\/\/maps.google.com\/maps?q=Gatineau%2C%20canada&#038;t=m&#038;z=10&#038;output=embed&#038;iwloc=near\"\n\t\t\t\t\ttitle=\"Gatineau, canada\"\n\t\t\t\t\taria-label=\"Gatineau, canada\"\n\t\t\t><\/iframe>\n\t\t<\/div>\n\t\t\t\t\t\t<\/div>\n\t\t\t\t<\/div>\n\t\t\t\t<\/div>\n\t\t<div class=\"elementor-element elementor-element-8d3ed93 e-flex e-con-boxed e-con e-parent\" data-id=\"8d3ed93\" data-element_type=\"container\">\n\t\t\t\t\t<div class=\"e-con-inner\">\n\t\t<div class=\"elementor-element elementor-element-b8e4d0f e-con-full e-flex e-con e-child\" data-id=\"b8e4d0f\" data-element_type=\"container\">\n\t\t\t\t<div class=\"elementor-element elementor-element-08a18a0 animated-slow elementor-invisible elementor-widget elementor-widget-heading\" data-id=\"08a18a0\" data-element_type=\"widget\" data-settings=\"{&quot;_animation&quot;:&quot;fadeIn&quot;,&quot;_animation_delay&quot;:150,&quot;ekit_we_effect_on&quot;:&quot;none&quot;}\" data-widget_type=\"heading.default\">\n\t\t\t\t<div class=\"elementor-widget-container\">\n\t\t\t\t\t<h1 class=\"elementor-heading-title elementor-size-default\">Formulaire de contact<\/h1>\t\t\t\t<\/div>\n\t\t\t\t<\/div>\n\t\t\t\t<div class=\"elementor-element elementor-element-e681b9d animated-slow elementor-invisible elementor-widget elementor-widget-text-editor\" data-id=\"e681b9d\" data-element_type=\"widget\" data-settings=\"{&quot;_animation&quot;:&quot;fadeIn&quot;,&quot;_animation_delay&quot;:200,&quot;ekit_we_effect_on&quot;:&quot;none&quot;}\" data-widget_type=\"text-editor.default\">\n\t\t\t\t<div class=\"elementor-widget-container\">\n\t\t\t\t\t\t\t\t\t<p>Veuillez remplir le formulaire ci-dessous pour toute question sur nos services ou pour toute autre question<\/p>\t\t\t\t\t\t\t\t<\/div>\n\t\t\t\t<\/div>\n\t\t\t\t<div class=\"elementor-element elementor-element-a512296 animated-slow ekit_wpForms_container-form-button-custom elementor-invisible elementor-widget elementor-widget-elementskit-wp-forms\" data-id=\"a512296\" data-element_type=\"widget\" data-settings=\"{&quot;_animation&quot;:&quot;fadeIn&quot;,&quot;_animation_delay&quot;:300,&quot;ekit_we_effect_on&quot;:&quot;none&quot;}\" data-widget_type=\"elementskit-wp-forms.default\">\n\t\t\t\t<div class=\"elementor-widget-container\">\n\t\t\t\t\t<div class=\"ekit-wid-con ekit_wpForms_container\"><div class=\"wpforms-container wpforms-container-full form-section wpforms-render-modern\" id=\"wpforms-709\"><form id=\"wpforms-form-709\" class=\"wpforms-validate wpforms-form wpforms-ajax-form\" data-formid=\"709\" method=\"post\" enctype=\"multipart\/form-data\" action=\"https:\/\/ygpixel.com\/fr\/contact\/\" data-token=\"631c4028b4fab4b2ab9dfc7bac1937be\" data-trp-original-action=\"\/contact\/\"><noscript class=\"wpforms-error-noscript\">Please enable JavaScript in your browser to complete this form.<\/noscript><div class=\"wpforms-hidden\" id=\"wpforms-error-noscript\">Please enable JavaScript in your browser to complete this form.<\/div><div class=\"wpforms-field-container\"><div id=\"wpforms-709-field_1-container\" class=\"wpforms-field wpforms-field-text\" data-field-id=\"1\"><label class=\"wpforms-field-label\" for=\"wpforms-709-field_1\">Nom complet <span class=\"wpforms-required-label\" aria-hidden=\"true\">*<\/span><\/label><input type=\"text\" id=\"wpforms-709-field_1\" class=\"wpforms-field-medium wpforms-field-required\" name=\"wpforms[fields][1]\" aria-errormessage=\"wpforms-709-field_1-error\" required><\/div><div id=\"wpforms-709-field_2-container\" class=\"wpforms-field wpforms-field-email\" data-field-id=\"2\"><label class=\"wpforms-field-label\" for=\"wpforms-709-field_2\">Courriel <span class=\"wpforms-required-label\" aria-hidden=\"true\">*<\/span><\/label><input type=\"email\" id=\"wpforms-709-field_2\" class=\"wpforms-field-medium wpforms-field-required\" name=\"wpforms[fields][2]\" spellcheck=\"false\" aria-errormessage=\"wpforms-709-field_2-error\" required><\/div><div id=\"wpforms-709-field_3-container\" class=\"wpforms-field wpforms-field-phone\" data-field-id=\"3\"><label class=\"wpforms-field-label\" for=\"wpforms-709-field_3\">Num\u00e9ro t\u00e9l\u00e9phone <span class=\"wpforms-required-label\" aria-hidden=\"true\">*<\/span><\/label><input type=\"tel\" id=\"wpforms-709-field_3\" class=\"wpforms-field-medium wpforms-field-required wpforms-masked-input\" data-inputmask=\"&#039;mask&#039;: &#039;(999) 999-9999&#039;\" data-rule-us-phone-field=\"true\" data-inputmask-inputmode=\"tel\" name=\"wpforms[fields][3]\" aria-errormessage=\"wpforms-709-field_3-error\" required><\/div><div id=\"wpforms-709-field_5-container\" class=\"wpforms-field wpforms-field-textarea\" data-field-id=\"5\"><label class=\"wpforms-field-label\" for=\"wpforms-709-field_5\">Message <span class=\"wpforms-required-label\" aria-hidden=\"true\">*<\/span><\/label><textarea id=\"wpforms-709-field_5\" class=\"wpforms-field-medium wpforms-field-required\" name=\"wpforms[fields][5]\" aria-errormessage=\"wpforms-709-field_5-error\" required><\/textarea><\/div><\/div><!-- .wpforms-field-container --><div class=\"wpforms-recaptcha-container wpforms-is-recaptcha wpforms-is-recaptcha-type-v2\" ><div class=\"g-recaptcha\" data-sitekey=\"6LetlZIpAAAAANV4s0hd6_pcNpnTO7X_IBvnj79B\"><\/div><input type=\"text\" name=\"g-recaptcha-hidden\" class=\"wpforms-recaptcha-hidden\" style=\"position:absolute!important;clip:rect(0,0,0,0)!important;height:1px!important;width:1px!important;border:0!important;overflow:hidden!important;padding:0!important;margin:0!important;\" data-rule-recaptcha=\"1\"><\/div><div class=\"wpforms-submit-container\" ><input type=\"hidden\" name=\"wpforms[id]\" value=\"709\"><input type=\"hidden\" name=\"wpforms[author]\" value=\"1\"><input type=\"hidden\" name=\"wpforms[post_id]\" value=\"18\"><button type=\"submit\" name=\"wpforms[submit]\" id=\"wpforms-submit-709\" class=\"wpforms-submit\" data-alt-text=\"Sending...\" data-submit-text=\"Submit\" aria-live=\"assertive\" value=\"wpforms-submit\">Soumettre<\/button><img decoding=\"async\" src=\"https:\/\/ygpixel.com\/wp-content\/plugins\/wpforms\/assets\/images\/submit-spin.svg\" class=\"wpforms-submit-spinner\" style=\"display: none;\" width=\"26\" height=\"26\" alt=\"Loading\"><\/div><input type=\"hidden\" name=\"trp-form-language\" value=\"fr\"\/><\/form><\/div>  <!-- .wpforms-container --><\/div>\t\t\t\t<\/div>\n\t\t\t\t<\/div>\n\t\t\t\t<\/div>\n\t\t<div class=\"elementor-element elementor-element-488a0ec e-con-full contact-right animated-slow e-flex elementor-invisible e-con e-child\" data-id=\"488a0ec\" data-element_type=\"container\" data-settings=\"{&quot;animation&quot;:&quot;fadeIn&quot;,&quot;animation_delay&quot;:300}\">\n\t\t<div class=\"elementor-element elementor-element-af33944 e-flex e-con-boxed e-con e-child\" data-id=\"af33944\" data-element_type=\"container\">\n\t\t\t\t\t<div class=\"e-con-inner\">\n\t\t\t\t<div class=\"elementor-element elementor-element-2cf989f elementor-widget elementor-widget-heading\" data-id=\"2cf989f\" data-element_type=\"widget\" data-settings=\"{&quot;ekit_we_effect_on&quot;:&quot;none&quot;}\" data-widget_type=\"heading.default\">\n\t\t\t\t<div class=\"elementor-widget-container\">\n\t\t\t\t\t<h2 class=\"elementor-heading-title elementor-size-default\">YG Pixel<\/h2>\t\t\t\t<\/div>\n\t\t\t\t<\/div>\n\t\t\t\t\t<\/div>\n\t\t\t\t<\/div>\n\t\t\t\t<div class=\"elementor-element elementor-element-961d0c3 elementor-widget elementor-widget-text-editor\" data-id=\"961d0c3\" data-element_type=\"widget\" data-settings=\"{&quot;ekit_we_effect_on&quot;:&quot;none&quot;}\" data-widget_type=\"text-editor.default\">\n\t\t\t\t<div class=\"elementor-widget-container\">\n\t\t\t\t\t\t\t\t\t<p>R\u00e9gion de la capitale du Canada : Ottawa\u2013Gatineau<\/p>\n<p class=\"phone\">T\u00e9l\u00e9phone :\u00a0<a href=\"tel:6137976064\">613 797-6064<\/a><\/p>\n<p class=\"phone\">T\u00e9l\u00e9phone :\u00a0<a href=\"tel:6137976064\">819 329-6265<\/a><\/p>\t\t\t\t\t\t\t\t<\/div>\n\t\t\t\t<\/div>\n\t\t\t\t<\/div>\n\t\t\t\t\t<\/div>\n\t\t\t\t<\/div>\n\t\t\t\t<\/div>","protected":false},"excerpt":{"rendered":"<p>Contact form Please fill out the form below for any question about our services or for any other questions Please enable JavaScript in your browser to complete this form.Please enable JavaScript in your browser to complete this form.Full name *Email *Phone *Message * Submit YG Pixel Canada\u2019s Capital Region and Ottawa\u2013Gatineau Phone:\u00a0613 797-6064 Phone:\u00a0819 329-6265<\/p>","protected":false},"author":1,"featured_media":0,"parent":0,"menu_order":0,"comment_status":"closed","ping_status":"closed","template":"","meta":{"_acf_changed":false,"footnotes":""},"class_list":["post-18","page","type-page","status-publish","hentry"],"acf":[],"aioseo_notices":[],"_links":{"self":[{"href":"https:\/\/ygpixel.com\/fr\/wp-json\/wp\/v2\/pages\/18","targetHints":{"allow":["GET"]}}],"collection":[{"href":"https:\/\/ygpixel.com\/fr\/wp-json\/wp\/v2\/pages"}],"about":[{"href":"https:\/\/ygpixel.com\/fr\/wp-json\/wp\/v2\/types\/page"}],"author":[{"embeddable":true,"href":"https:\/\/ygpixel.com\/fr\/wp-json\/wp\/v2\/users\/1"}],"replies":[{"embeddable":true,"href":"https:\/\/ygpixel.com\/fr\/wp-json\/wp\/v2\/comments?post=18"}],"version-history":[{"count":10,"href":"https:\/\/ygpixel.com\/fr\/wp-json\/wp\/v2\/pages\/18\/revisions"}],"predecessor-version":[{"id":2166,"href":"https:\/\/ygpixel.com\/fr\/wp-json\/wp\/v2\/pages\/18\/revisions\/2166"}],"wp:attachment":[{"href":"https:\/\/ygpixel.com\/fr\/wp-json\/wp\/v2\/media?parent=18"}],"curies":[{"name":"wp","href":"https:\/\/api.w.org\/{rel}","templated":true}]}}