{"id":1819,"date":"2024-06-22T19:07:48","date_gmt":"2024-06-22T23:07:48","guid":{"rendered":"https:\/\/ygpixel.com\/?page_id=1819"},"modified":"2024-06-28T22:01:00","modified_gmt":"2024-06-29T02:01:00","slug":"quote","status":"publish","type":"page","link":"https:\/\/ygpixel.com\/fr\/soumission\/","title":{"rendered":"Quote"},"content":{"rendered":"<div data-elementor-type=\"wp-page\" data-elementor-id=\"1819\" class=\"elementor elementor-1819\" data-elementor-post-type=\"page\">\n\t\t\t\t<div class=\"elementor-element elementor-element-4b204ada e-flex e-con-boxed e-con e-parent\" data-id=\"4b204ada\" data-element_type=\"container\" data-settings=\"{&quot;background_background&quot;:&quot;classic&quot;}\">\n\t\t\t\t\t<div class=\"e-con-inner\">\n\t\t\t\t<div class=\"elementor-element elementor-element-6ee0e05e animated-slow elementor-invisible elementor-widget elementor-widget-heading\" data-id=\"6ee0e05e\" data-element_type=\"widget\" data-settings=\"{&quot;_animation&quot;:&quot;fadeIn&quot;,&quot;_animation_delay&quot;:100,&quot;ekit_we_effect_on&quot;:&quot;none&quot;}\" data-widget_type=\"heading.default\">\n\t\t\t\t<div class=\"elementor-widget-container\">\n\t\t\t\t\t<h1 class=\"elementor-heading-title elementor-size-default\">Agence web \u00e0 Gatineau en Outaouais <\/h1>\t\t\t\t<\/div>\n\t\t\t\t<\/div>\n\t\t\t\t\t<\/div>\n\t\t\t\t<\/div>\n\t\t<div class=\"elementor-element elementor-element-4fbeba4 e-flex e-con-boxed e-con e-parent\" data-id=\"4fbeba4\" data-element_type=\"container\">\n\t\t\t\t\t<div class=\"e-con-inner\">\n\t\t<div class=\"elementor-element elementor-element-9b33fd0 e-con-full e-flex e-con e-child\" data-id=\"9b33fd0\" data-element_type=\"container\">\n\t\t\t\t<div class=\"elementor-element elementor-element-73567aa animated-slow elementor-invisible elementor-widget elementor-widget-heading\" data-id=\"73567aa\" data-element_type=\"widget\" data-settings=\"{&quot;_animation&quot;:&quot;fadeIn&quot;,&quot;_animation_delay&quot;:200,&quot;ekit_we_effect_on&quot;:&quot;none&quot;}\" data-widget_type=\"heading.default\">\n\t\t\t\t<div class=\"elementor-widget-container\">\n\t\t\t\t\t<h2 class=\"elementor-heading-title elementor-size-default\">Formulaire de soumission de conception web<\/h2>\t\t\t\t<\/div>\n\t\t\t\t<\/div>\n\t\t\t\t<div class=\"elementor-element elementor-element-8f80182 animated-slow elementor-invisible elementor-widget elementor-widget-text-editor\" data-id=\"8f80182\" data-element_type=\"widget\" data-settings=\"{&quot;_animation&quot;:&quot;fadeIn&quot;,&quot;_animation_delay&quot;:250,&quot;ekit_we_effect_on&quot;:&quot;none&quot;}\" data-widget_type=\"text-editor.default\">\n\t\t\t\t<div class=\"elementor-widget-container\">\n\t\t\t\t\t\t\t\t\t<p>Pour mieux comprendre les exigences de votre projet et vous proposer le devis le plus pr\u00e9cis possible, nous vous demandons de bien vouloir prendre un moment pour remplir notre formulaire de devis de conception Web.<\/p>\t\t\t\t\t\t\t\t<\/div>\n\t\t\t\t<\/div>\n\t\t\t\t<div class=\"elementor-element elementor-element-3be3ff1 animated-slow ekit_wpForms_container-form-button-custom elementor-invisible elementor-widget elementor-widget-elementskit-wp-forms\" data-id=\"3be3ff1\" data-element_type=\"widget\" data-settings=\"{&quot;_animation&quot;:&quot;fadeIn&quot;,&quot;_animation_delay&quot;:300,&quot;ekit_we_effect_on&quot;:&quot;none&quot;}\" data-widget_type=\"elementskit-wp-forms.default\">\n\t\t\t\t<div class=\"elementor-widget-container\">\n\t\t\t\t\t<div class=\"ekit-wid-con ekit_wpForms_container\"><div class=\"wpforms-container wpforms-container-full form-section wpforms-render-modern\" id=\"wpforms-1928\"><form id=\"wpforms-form-1928\" class=\"wpforms-validate wpforms-form wpforms-ajax-form\" data-formid=\"1928\" method=\"post\" enctype=\"multipart\/form-data\" action=\"https:\/\/ygpixel.com\/fr\/soumission\/\" data-token=\"c457497e7e2093c5050f05e24c4e3e94\" data-trp-original-action=\"\/fr\/soumission\/\"><noscript class=\"wpforms-error-noscript\" data-no-translation=\"\" data-trp-gettext=\"\">Veuillez activer JavaScript dans votre navigateur pour remplir ce formulaire.<\/noscript><div class=\"wpforms-hidden\" id=\"wpforms-error-noscript\" data-no-translation=\"\" data-trp-gettext=\"\">Veuillez activer JavaScript dans votre navigateur pour remplir ce formulaire.<\/div><div class=\"wpforms-field-container\"><div id=\"wpforms-1928-field_1-container\" class=\"wpforms-field wpforms-field-text\" data-field-id=\"1\"><label class=\"wpforms-field-label\" for=\"wpforms-1928-field_1\">Nom complet <span class=\"wpforms-required-label\" aria-hidden=\"true\">*<\/span><\/label><input type=\"text\" id=\"wpforms-1928-field_1\" class=\"wpforms-field-medium wpforms-field-required\" name=\"wpforms[fields][1]\" aria-errormessage=\"wpforms-1928-field_1-error\" required><\/div><div id=\"wpforms-1928-field_2-container\" class=\"wpforms-field wpforms-field-email\" data-field-id=\"2\"><label class=\"wpforms-field-label\" for=\"wpforms-1928-field_2\">Courriel <span class=\"wpforms-required-label\" aria-hidden=\"true\">*<\/span><\/label><input type=\"email\" id=\"wpforms-1928-field_2\" class=\"wpforms-field-medium wpforms-field-required\" name=\"wpforms[fields][2]\" spellcheck=\"false\" aria-errormessage=\"wpforms-1928-field_2-error\" required><\/div><div id=\"wpforms-1928-field_3-container\" class=\"wpforms-field wpforms-field-phone\" data-field-id=\"3\"><label class=\"wpforms-field-label\" for=\"wpforms-1928-field_3\">Num\u00e9ro de t\u00e9l\u00e9phone <span class=\"wpforms-required-label\" aria-hidden=\"true\">*<\/span><\/label><input type=\"tel\" id=\"wpforms-1928-field_3\" class=\"wpforms-field-medium wpforms-field-required wpforms-masked-input\" data-inputmask=\"&#039;mask&#039;: &#039;(999) 999-9999&#039;\" data-rule-us-phone-field=\"true\" data-inputmask-inputmode=\"tel\" name=\"wpforms[fields][3]\" aria-errormessage=\"wpforms-1928-field_3-error\" required><\/div><div id=\"wpforms-1928-field_8-container\" class=\"wpforms-field wpforms-field-text\" data-field-id=\"8\"><label class=\"wpforms-field-label\" for=\"wpforms-1928-field_8\">Nom de votre entreprise<\/label><input type=\"text\" id=\"wpforms-1928-field_8\" class=\"wpforms-field-medium\" name=\"wpforms[fields][8]\" aria-errormessage=\"wpforms-1928-field_8-error\" ><\/div><div id=\"wpforms-1928-field_4-container\" class=\"wpforms-field wpforms-field-url\" data-field-id=\"4\"><label class=\"wpforms-field-label\" for=\"wpforms-1928-field_4\">Adresse de votre site internet<\/label><input type=\"url\" id=\"wpforms-1928-field_4\" class=\"wpforms-field-medium\" name=\"wpforms[fields][4]\" aria-errormessage=\"wpforms-1928-field_4-error\" ><\/div><div id=\"wpforms-1928-field_5-container\" class=\"wpforms-field wpforms-field-select wpforms-field-select-style-classic\" data-field-id=\"5\"><label class=\"wpforms-field-label\" for=\"wpforms-1928-field_5\">Budget de pour votre projet <span class=\"wpforms-required-label\" aria-hidden=\"true\">*<\/span><\/label><select id=\"wpforms-1928-field_5\" class=\"wpforms-field-medium wpforms-field-required\" name=\"wpforms[fields][5]\" required=\"required\"><option value=\"\" class=\"placeholder\" disabled selected='selected'>Veuillez choisir<\/option><option value=\"$2,500 - $6,000\" >$2,500 - $6,000<\/option><option value=\"$6,000 - $10,000\" >$6,000 - $10,000<\/option><option value=\"$10,000 - $20,000\" >$10,000 - $20,000<\/option><option value=\"$20,000+\" >$20,000+<\/option><option value=\"Unknown\" >Inconnu<\/option><\/select><\/div><div id=\"wpforms-1928-field_7-container\" class=\"wpforms-field wpforms-field-textarea\" data-field-id=\"7\"><label class=\"wpforms-field-label\" for=\"wpforms-1928-field_7\">Message ou question<\/label><textarea id=\"wpforms-1928-field_7\" class=\"wpforms-field-medium\" name=\"wpforms[fields][7]\" aria-errormessage=\"wpforms-1928-field_7-error\" ><\/textarea><\/div><\/div><!-- .wpforms-field-container --><div class=\"wpforms-recaptcha-container wpforms-is-recaptcha wpforms-is-recaptcha-type-v2\" ><div class=\"g-recaptcha\" data-sitekey=\"6LetlZIpAAAAANV4s0hd6_pcNpnTO7X_IBvnj79B\"><\/div><input type=\"text\" name=\"g-recaptcha-hidden\" class=\"wpforms-recaptcha-hidden\" style=\"position:absolute!important;clip:rect(0,0,0,0)!important;height:1px!important;width:1px!important;border:0!important;overflow:hidden!important;padding:0!important;margin:0!important;\" data-rule-recaptcha=\"1\"><\/div><div class=\"wpforms-submit-container\" ><input type=\"hidden\" name=\"wpforms[id]\" value=\"1928\"><input type=\"hidden\" name=\"wpforms[author]\" value=\"1\"><input type=\"hidden\" name=\"wpforms[post_id]\" value=\"1819\"><button type=\"submit\" name=\"wpforms[submit]\" id=\"wpforms-submit-1928\" class=\"wpforms-submit\" data-alt-text=\"Sending...\" data-submit-text=\"Submit\" aria-live=\"assertive\" value=\"wpforms-submit\">Soumettre<\/button><img decoding=\"async\" src=\"https:\/\/ygpixel.com\/wp-content\/plugins\/wpforms\/assets\/images\/submit-spin.svg\" class=\"wpforms-submit-spinner\" style=\"display: none;\" width=\"26\" height=\"26\" alt=\"Chargement en cours\" data-no-translation-alt=\"\"><\/div><input type=\"hidden\" name=\"trp-form-language\" value=\"fr\"\/><\/form><\/div>  <!-- .wpforms-container --><\/div>\t\t\t\t<\/div>\n\t\t\t\t<\/div>\n\t\t\t\t<\/div>\n\t\t<div class=\"elementor-element elementor-element-54fd801 e-con-full projects-section-right e-flex e-con e-child\" data-id=\"54fd801\" data-element_type=\"container\">\n\t\t\t\t<div class=\"elementor-element elementor-element-63eae52 animated-slow elementor-invisible elementor-widget elementor-widget-xpro-post-grid\" data-id=\"63eae52\" data-element_type=\"widget\" data-settings=\"{&quot;column_grid&quot;:&quot;1&quot;,&quot;column_grid_tablet&quot;:&quot;1&quot;,&quot;image_height&quot;:{&quot;unit&quot;:&quot;px&quot;,&quot;size&quot;:250,&quot;sizes&quot;:[]},&quot;image_height_tablet&quot;:{&quot;unit&quot;:&quot;px&quot;,&quot;size&quot;:170,&quot;sizes&quot;:[]},&quot;_animation&quot;:&quot;fadeIn&quot;,&quot;_animation_delay&quot;:250,&quot;column_grid_mobile&quot;:&quot;1&quot;,&quot;image_height_mobile&quot;:{&quot;unit&quot;:&quot;px&quot;,&quot;size&quot;:&quot;&quot;,&quot;sizes&quot;:[]},&quot;space_between&quot;:{&quot;unit&quot;:&quot;px&quot;,&quot;size&quot;:15,&quot;sizes&quot;:[]},&quot;space_between_tablet&quot;:{&quot;unit&quot;:&quot;px&quot;,&quot;size&quot;:15,&quot;sizes&quot;:[]},&quot;space_between_mobile&quot;:{&quot;unit&quot;:&quot;px&quot;,&quot;size&quot;:15,&quot;sizes&quot;:[]},&quot;content_height&quot;:{&quot;unit&quot;:&quot;px&quot;,&quot;size&quot;:&quot;&quot;,&quot;sizes&quot;:[]},&quot;content_height_tablet&quot;:{&quot;unit&quot;:&quot;px&quot;,&quot;size&quot;:&quot;&quot;,&quot;sizes&quot;:[]},&quot;content_height_mobile&quot;:{&quot;unit&quot;:&quot;px&quot;,&quot;size&quot;:&quot;&quot;,&quot;sizes&quot;:[]},&quot;ekit_we_effect_on&quot;:&quot;none&quot;}\" data-widget_type=\"xpro-post-grid.default\">\n\t\t\t\t<div class=\"elementor-widget-container\">\n\t\t\t\t\t\n\t\t<div class=\"xpro-post-grid-wrapper xpro-post-grid-layout-1\">\n\n\t\t\t\n\t\t\t\t<div class=\"xpro-post-grid-main cbp\">\n\n\t\t\t\t\t\n<div class=\"cbp-item xpro-post-grid-item\">\n\t\t\t<div class=\"xpro-post-grid-image\">\n\t\t\t<img fetchpriority=\"high\" decoding=\"async\" width=\"640\" height=\"427\" src=\"https:\/\/ygpixel.com\/wp-content\/uploads\/2024\/06\/website-cost-768x512.jpg\" class=\"attachment-medium_large size-medium_large\" alt=\"\" srcset=\"https:\/\/ygpixel.com\/wp-content\/uploads\/2024\/06\/website-cost-768x512.jpg 768w, https:\/\/ygpixel.com\/wp-content\/uploads\/2024\/06\/website-cost-300x200.jpg 300w, https:\/\/ygpixel.com\/wp-content\/uploads\/2024\/06\/website-cost-1024x683.jpg 1024w, https:\/\/ygpixel.com\/wp-content\/uploads\/2024\/06\/website-cost-1536x1024.jpg 1536w, https:\/\/ygpixel.com\/wp-content\/uploads\/2024\/06\/website-cost-18x12.jpg 18w, https:\/\/ygpixel.com\/wp-content\/uploads\/2024\/06\/website-cost.jpg 1920w\" sizes=\"(max-width: 640px) 100vw, 640px\" \/>\t\t\t\t\t<\/div>\n\t\n\t<div class=\"xpro-post-grid-content\">\n\n\t\t\n\t\t\t\t\t<ul class=\"xpro-post-grid-meta-list\">\n\t\t\t\t\t\t\t\t\t\t\t\t\t\t\t<li class=\"xpro-post-grid-meta-date\">\n\t\t\t\t\t\t\t<i aria-hidden=\"true\" class=\"far fa-calendar\"><\/i>\t\t\t\t\t\t\t24 juin 2024\t\t\t\t\t\t<\/li>\n\t\t\t\t\t\t\t\t\t\t\t\t\t\t\t\n\t\t\t\t\t\t\t<\/ul>\n\t\t\n\t\t<a href=\"https:\/\/ygpixel.com\/fr\/blog\/how-much-a-professional-website-cost\/\">\n\t\t\t<h2 class=\"xpro-post-grid-title\">Combien co\u00fbte un site internet professionnel<\/h2>\n\t\t<\/a>\n\n\t\t\n\t\t\t\t\t\t\t<a href=\"https:\/\/ygpixel.com\/fr\/blog\/how-much-a-professional-website-cost\/\" class=\"xpro-post-grid-btn\">Lire la suite<\/a>\n\t\t\t\t\n\t\t\n\t<\/div>\n<\/div>\n\n\t\t\t\t<\/div>\n\n\t\t\t\t\n\t\t<\/div>\n\n\t\t\t\t\t\t<\/div>\n\t\t\t\t<\/div>\n\t\t\t\t<\/div>\n\t\t\t\t\t<\/div>\n\t\t\t\t<\/div>\n\t\t\t\t<\/div>","protected":false},"excerpt":{"rendered":"<p>Web design agency in Ottawa Web design quote form To better understand your project requirements and offer you the most accurate quote possible, we kindly request that you take a moment to fill out our Web Design Quote Form. Please enable JavaScript in your browser to complete this form.Please enable JavaScript in your browser to [&hellip;]<\/p>","protected":false},"author":1,"featured_media":0,"parent":0,"menu_order":0,"comment_status":"closed","ping_status":"closed","template":"","meta":{"_acf_changed":false,"footnotes":""},"class_list":["post-1819","page","type-page","status-publish","hentry"],"acf":[],"aioseo_notices":[],"_links":{"self":[{"href":"https:\/\/ygpixel.com\/fr\/wp-json\/wp\/v2\/pages\/1819","targetHints":{"allow":["GET"]}}],"collection":[{"href":"https:\/\/ygpixel.com\/fr\/wp-json\/wp\/v2\/pages"}],"about":[{"href":"https:\/\/ygpixel.com\/fr\/wp-json\/wp\/v2\/types\/page"}],"author":[{"embeddable":true,"href":"https:\/\/ygpixel.com\/fr\/wp-json\/wp\/v2\/users\/1"}],"replies":[{"embeddable":true,"href":"https:\/\/ygpixel.com\/fr\/wp-json\/wp\/v2\/comments?post=1819"}],"version-history":[{"count":10,"href":"https:\/\/ygpixel.com\/fr\/wp-json\/wp\/v2\/pages\/1819\/revisions"}],"predecessor-version":[{"id":2196,"href":"https:\/\/ygpixel.com\/fr\/wp-json\/wp\/v2\/pages\/1819\/revisions\/2196"}],"wp:attachment":[{"href":"https:\/\/ygpixel.com\/fr\/wp-json\/wp\/v2\/media?parent=1819"}],"curies":[{"name":"wp","href":"https:\/\/api.w.org\/{rel}","templated":true}]}}