{"id":964,"date":"2024-03-14T17:28:32","date_gmt":"2024-03-14T17:28:32","guid":{"rendered":"https:\/\/ygpixel.com\/?page_id=964"},"modified":"2024-06-27T22:04:19","modified_gmt":"2024-06-28T02:04:19","slug":"seo-services","status":"publish","type":"page","link":"https:\/\/ygpixel.com\/fr\/services-de-referencement\/","title":{"rendered":"R\u00e9f\u00e9rencement"},"content":{"rendered":"<div data-elementor-type=\"wp-page\" data-elementor-id=\"964\" class=\"elementor elementor-964\" data-elementor-post-type=\"page\">\n\t\t\t\t<div class=\"elementor-element elementor-element-f0d6690 e-flex e-con-boxed e-con e-parent\" data-id=\"f0d6690\" data-element_type=\"container\" data-settings=\"{&quot;background_background&quot;:&quot;classic&quot;}\">\n\t\t\t\t\t<div class=\"e-con-inner\">\n\t\t\t\t<div class=\"elementor-element elementor-element-71db5c06 animated-slow elementor-invisible elementor-widget elementor-widget-heading\" data-id=\"71db5c06\" data-element_type=\"widget\" data-settings=\"{&quot;_animation&quot;:&quot;fadeIn&quot;,&quot;_animation_delay&quot;:100,&quot;ekit_we_effect_on&quot;:&quot;none&quot;}\" data-widget_type=\"heading.default\">\n\t\t\t\t<div class=\"elementor-widget-container\">\n\t\t\t\t\t<h1 class=\"elementor-heading-title elementor-size-default\">Service de r\u00e9f\u00e9rencement de site internet \u00e0 Gatineau<\/h1>\t\t\t\t<\/div>\n\t\t\t\t<\/div>\n\t\t\t\t\t<\/div>\n\t\t\t\t<\/div>\n\t\t<div class=\"elementor-element elementor-element-1d04085 service-title e-flex e-con-boxed e-con e-parent\" data-id=\"1d04085\" data-element_type=\"container\">\n\t\t\t\t\t<div class=\"e-con-inner\">\n\t\t\t\t<div class=\"elementor-element elementor-element-426770d service-title animated-slow elementor-invisible elementor-widget elementor-widget-heading\" data-id=\"426770d\" data-element_type=\"widget\" data-settings=\"{&quot;_animation&quot;:&quot;fadeIn&quot;,&quot;_animation_delay&quot;:200,&quot;ekit_we_effect_on&quot;:&quot;none&quot;}\" data-widget_type=\"heading.default\">\n\t\t\t\t<div class=\"elementor-widget-container\">\n\t\t\t\t\t<h2 class=\"elementor-heading-title elementor-size-default\">Am\u00e9liorez votre pr\u00e9sence en ligne avec les services experts en r\u00e9f\u00e9rencement de notre agence de d\u00e9veloppement Web<\/h2>\t\t\t\t<\/div>\n\t\t\t\t<\/div>\n\t\t<div class=\"elementor-element elementor-element-02eb139 e-flex e-con-boxed e-con e-child\" data-id=\"02eb139\" data-element_type=\"container\">\n\t\t\t\t\t<div class=\"e-con-inner\">\n\t\t<div class=\"elementor-element elementor-element-4744b4f e-flex e-con-boxed e-con e-child\" data-id=\"4744b4f\" data-element_type=\"container\">\n\t\t\t\t\t<div class=\"e-con-inner\">\n\t\t\t\t<div class=\"elementor-element elementor-element-6ee2843 animated-slow elementor-invisible elementor-widget elementor-widget-text-editor\" data-id=\"6ee2843\" data-element_type=\"widget\" data-settings=\"{&quot;_animation&quot;:&quot;fadeIn&quot;,&quot;_animation_delay&quot;:250,&quot;ekit_we_effect_on&quot;:&quot;none&quot;}\" data-widget_type=\"text-editor.default\">\n\t\t\t\t<div class=\"elementor-widget-container\">\n\t\t\t\t\t\t\t\t\t<p>Lib\u00e9rez tout le potentiel de votre site Web et g\u00e9n\u00e9rez du trafic organique avec nos services de r\u00e9f\u00e9rencement chez YG Pixel. En tant que leader du d\u00e9veloppement Web, nous comprenons qu\u2019un site Web beau et visuellement r\u00e9actif ne repr\u00e9sente que la moiti\u00e9 de la bataille. Pour vraiment r\u00e9ussir en ligne, votre site Web doit \u00eatre facilement trouv\u00e9 par votre public cible, et c\u2019est l\u00e0 que notre expertise SEO entre en jeu. Contactez YG Pixel pour une strat\u00e9gie de r\u00e9f\u00e9rencement personnalis\u00e9e align\u00e9e sur vos objectifs uniques.<\/p>\t\t\t\t\t\t\t\t<\/div>\n\t\t\t\t<\/div>\n\t\t\t\t\t<\/div>\n\t\t\t\t<\/div>\n\t\t<div class=\"elementor-element elementor-element-0d6c7d5 e-con-full e-flex e-con e-child\" data-id=\"0d6c7d5\" data-element_type=\"container\">\n\t\t\t\t<div class=\"elementor-element elementor-element-c015a2d animated-slow elementor-invisible elementor-widget elementor-widget-image\" data-id=\"c015a2d\" data-element_type=\"widget\" data-settings=\"{&quot;xpro_elementor_floating_fx&quot;:&quot;yes&quot;,&quot;_animation&quot;:&quot;fadeIn&quot;,&quot;_animation_delay&quot;:250,&quot;ekit_we_effect_on&quot;:&quot;none&quot;}\" data-widget_type=\"image.default\">\n\t\t\t\t<div class=\"elementor-widget-container\">\n\t\t\t\t\t\t\t\t\t\t\t\t\t\t\t<img fetchpriority=\"high\" decoding=\"async\" width=\"640\" height=\"427\" src=\"https:\/\/ygpixel.com\/wp-content\/uploads\/2024\/03\/seo-image-1024x683.jpg\" class=\"elementor-animation-rotate attachment-large size-large wp-image-975\" alt=\"\" srcset=\"https:\/\/ygpixel.com\/wp-content\/uploads\/2024\/03\/seo-image-1024x683.jpg 1024w, https:\/\/ygpixel.com\/wp-content\/uploads\/2024\/03\/seo-image-300x200.jpg 300w, https:\/\/ygpixel.com\/wp-content\/uploads\/2024\/03\/seo-image-768x512.jpg 768w, https:\/\/ygpixel.com\/wp-content\/uploads\/2024\/03\/seo-image-1536x1024.jpg 1536w, https:\/\/ygpixel.com\/wp-content\/uploads\/2024\/03\/seo-image.jpg 1920w\" sizes=\"(max-width: 640px) 100vw, 640px\" \/>\t\t\t\t\t\t\t\t\t\t\t\t\t\t\t<\/div>\n\t\t\t\t<\/div>\n\t\t\t\t<\/div>\n\t\t\t\t\t<\/div>\n\t\t\t\t<\/div>\n\t\t\t\t\t<\/div>\n\t\t\t\t<\/div>\n\t\t<div class=\"elementor-element elementor-element-5f3a4530 e-flex e-con-boxed e-con e-parent\" data-id=\"5f3a4530\" data-element_type=\"container\" data-settings=\"{&quot;background_background&quot;:&quot;classic&quot;,&quot;shape_divider_top&quot;:&quot;triangle-asymmetrical&quot;,&quot;shape_divider_bottom&quot;:&quot;triangle-asymmetrical&quot;}\">\n\t\t\t\t\t<div class=\"e-con-inner\">\n\t\t\t\t<div class=\"elementor-shape elementor-shape-top\" aria-hidden=\"true\" data-negative=\"false\">\n\t\t\t<svg xmlns=\"http:\/\/www.w3.org\/2000\/svg\" viewbox=\"0 0 1000 100\" preserveaspectratio=\"none\">\n\t<path class=\"elementor-shape-fill\" d=\"M738,99l262-93V0H0v5.6L738,99z\"\/>\n<\/svg>\t\t<\/div>\n\t\t\t\t<div class=\"elementor-shape elementor-shape-bottom\" aria-hidden=\"true\" data-negative=\"false\">\n\t\t\t<svg xmlns=\"http:\/\/www.w3.org\/2000\/svg\" viewbox=\"0 0 1000 100\" preserveaspectratio=\"none\">\n\t<path class=\"elementor-shape-fill\" d=\"M738,99l262-93V0H0v5.6L738,99z\"\/>\n<\/svg>\t\t<\/div>\n\t\t\t\t<div class=\"elementor-element elementor-element-42ebcf3 animated-slow elementor-invisible elementor-widget elementor-widget-heading\" data-id=\"42ebcf3\" data-element_type=\"widget\" data-settings=\"{&quot;_animation&quot;:&quot;fadeIn&quot;,&quot;_animation_delay&quot;:400,&quot;ekit_we_effect_on&quot;:&quot;none&quot;}\" data-widget_type=\"heading.default\">\n\t\t\t\t<div class=\"elementor-widget-container\">\n\t\t\t\t\t<h3 class=\"elementor-heading-title elementor-size-default\">Besoin d'un site Web ou d'une strat\u00e9gie de contenu et de r\u00e9f\u00e9rencement ?<\/h3>\t\t\t\t<\/div>\n\t\t\t\t<\/div>\n\t\t\t\t<div class=\"elementor-element elementor-element-a4a8847 animated-slow elementor-invisible elementor-widget elementor-widget-text-editor\" data-id=\"a4a8847\" data-element_type=\"widget\" data-settings=\"{&quot;_animation&quot;:&quot;fadeIn&quot;,&quot;_animation_delay&quot;:500,&quot;ekit_we_effect_on&quot;:&quot;none&quot;}\" data-widget_type=\"text-editor.default\">\n\t\t\t\t<div class=\"elementor-widget-container\">\n\t\t\t\t\t\t\t\t\t<p>Parlez nous de votre projet<\/p>\t\t\t\t\t\t\t\t<\/div>\n\t\t\t\t<\/div>\n\t\t\t\t<div class=\"elementor-element elementor-element-31905de2 elementor-align-center animated-slow elementor-invisible elementor-widget elementor-widget-button\" data-id=\"31905de2\" data-element_type=\"widget\" data-settings=\"{&quot;_animation&quot;:&quot;fadeIn&quot;,&quot;_animation_delay&quot;:600,&quot;ekit_we_effect_on&quot;:&quot;none&quot;}\" data-widget_type=\"button.default\">\n\t\t\t\t<div class=\"elementor-widget-container\">\n\t\t\t\t\t\t\t\t\t<div class=\"elementor-button-wrapper\">\n\t\t\t\t\t<a class=\"elementor-button elementor-button-link elementor-size-lg\" href=\"https:\/\/ygpixel.com\/fr\/soumission\/\">\n\t\t\t\t\t\t<span class=\"elementor-button-content-wrapper\">\n\t\t\t\t\t\t\t\t\t<span class=\"elementor-button-text\">Obtenez une soumission<\/span>\n\t\t\t\t\t<\/span>\n\t\t\t\t\t<\/a>\n\t\t\t\t<\/div>\n\t\t\t\t\t\t\t\t<\/div>\n\t\t\t\t<\/div>\n\t\t\t\t\t<\/div>\n\t\t\t\t<\/div>\n\t\t<div class=\"elementor-element elementor-element-ef526a2 e-flex e-con-boxed e-con e-parent\" data-id=\"ef526a2\" data-element_type=\"container\" data-settings=\"{&quot;background_background&quot;:&quot;classic&quot;}\">\n\t\t\t\t\t<div class=\"e-con-inner\">\n\t\t\t\t<div class=\"elementor-element elementor-element-c861da3 animated-slow elementor-invisible elementor-widget elementor-widget-heading\" data-id=\"c861da3\" data-element_type=\"widget\" data-settings=\"{&quot;_animation&quot;:&quot;fadeIn&quot;,&quot;_animation_delay&quot;:300,&quot;ekit_we_effect_on&quot;:&quot;none&quot;}\" data-widget_type=\"heading.default\">\n\t\t\t\t<div class=\"elementor-widget-container\">\n\t\t\t\t\t<h2 class=\"elementor-heading-title elementor-size-default\">Pourquoi choisir nos services de r\u00e9f\u00e9rencement ?<\/h2>\t\t\t\t<\/div>\n\t\t\t\t<\/div>\n\t\t\t\t\t<\/div>\n\t\t\t\t<\/div>\n\t\t<div class=\"elementor-element elementor-element-560b60f e-flex e-con-boxed e-con e-parent\" data-id=\"560b60f\" data-element_type=\"container\">\n\t\t\t\t\t<div class=\"e-con-inner\">\n\t\t<div class=\"elementor-element elementor-element-0db4bb5 e-con-full e-flex e-con e-child\" data-id=\"0db4bb5\" data-element_type=\"container\">\n\t\t\t\t<div class=\"elementor-element elementor-element-b38524b animated-slow elementor-invisible elementor-widget elementor-widget-heading\" data-id=\"b38524b\" data-element_type=\"widget\" data-settings=\"{&quot;_animation&quot;:&quot;fadeIn&quot;,&quot;_animation_delay&quot;:350,&quot;ekit_we_effect_on&quot;:&quot;none&quot;}\" data-widget_type=\"heading.default\">\n\t\t\t\t<div class=\"elementor-widget-container\">\n\t\t\t\t\t<h3 class=\"elementor-heading-title elementor-size-default\">Optimisez votre pr\u00e9sence en ligne avec nos services experts en r\u00e9f\u00e9rencement<\/h3>\t\t\t\t<\/div>\n\t\t\t\t<\/div>\n\t\t\t\t<div class=\"elementor-element elementor-element-aefc948 animated-slow elementor-invisible elementor-widget elementor-widget-text-editor\" data-id=\"aefc948\" data-element_type=\"widget\" data-settings=\"{&quot;_animation&quot;:&quot;fadeIn&quot;,&quot;_animation_delay&quot;:400,&quot;ekit_we_effect_on&quot;:&quot;none&quot;}\" data-widget_type=\"text-editor.default\">\n\t\t\t\t<div class=\"elementor-widget-container\">\n\t\t\t\t\t\t\t\t\t<p>Nos strat\u00e9gies sur mesure se concentrent sur l'optimisation des pages, la cr\u00e9ation de liens de qualit\u00e9, la recherche de mots cl\u00e9s, l'optimisation du contenu et les audits techniques de r\u00e9f\u00e9rencement. B\u00e9n\u00e9ficiez de rapports transparents pour suivre les progr\u00e8s de votre site Web. Collaborez avec nous pour am\u00e9liorer votre classement dans les moteurs de recherche, g\u00e9n\u00e9rer du trafic organique et parvenir \u00e0 une croissance commerciale durable.<strong> Contactez YG Pixel<\/strong> pour une strat\u00e9gie de r\u00e9f\u00e9rencement personnalis\u00e9e align\u00e9e sur vos objectifs uniques.<\/p><p>Travaillez avec YG Pixel d\u00e8s maintenant et laissez-nous am\u00e9liorer le classement de votre site Web dans les moteurs de recherche. Am\u00e9liorez votre visibilit\u00e9 en ligne, attirez du trafic organique et r\u00e9alisez une croissance commerciale durable gr\u00e2ce \u00e0 nos services complets de r\u00e9f\u00e9rencement. Contactez-nous pour discuter d'un plan de r\u00e9f\u00e9rencement personnalis\u00e9 qui r\u00e9pond aux besoins de votre entreprise.<\/p>\t\t\t\t\t\t\t\t<\/div>\n\t\t\t\t<\/div>\n\t\t\t\t<\/div>\n\t\t<div class=\"elementor-element elementor-element-57795c1 e-con-full animated-slow e-flex elementor-invisible e-con e-child\" data-id=\"57795c1\" data-element_type=\"container\" data-settings=\"{&quot;animation&quot;:&quot;fadeIn&quot;,&quot;animation_delay&quot;:250}\">\n\t\t\t\t<div class=\"elementor-element elementor-element-0c2f7f3 elementor-position-left elementor-vertical-align-middle elementor-widget__width-inherit animated-slow elementor-invisible elementor-widget elementor-widget-image-box\" data-id=\"0c2f7f3\" data-element_type=\"widget\" data-settings=\"{&quot;_animation&quot;:&quot;fadeIn&quot;,&quot;_animation_delay&quot;:350,&quot;ekit_we_effect_on&quot;:&quot;none&quot;}\" data-widget_type=\"image-box.default\">\n\t\t\t\t<div class=\"elementor-widget-container\">\n\t\t\t\t\t<div class=\"elementor-image-box-wrapper\"><figure class=\"elementor-image-box-img\"><img decoding=\"async\" width=\"256\" height=\"256\" src=\"https:\/\/ygpixel.com\/wp-content\/uploads\/2024\/03\/target.png\" class=\"attachment-full size-full wp-image-1335\" alt=\"\" srcset=\"https:\/\/ygpixel.com\/wp-content\/uploads\/2024\/03\/target.png 256w, https:\/\/ygpixel.com\/wp-content\/uploads\/2024\/03\/target-150x150.png 150w\" sizes=\"(max-width: 256px) 100vw, 256px\" \/><\/figure><div class=\"elementor-image-box-content\"><h3 class=\"elementor-image-box-title\">Strat\u00e9gies de r\u00e9f\u00e9rencement personnalis\u00e9es : <\/h3><p class=\"elementor-image-box-description\">Nous ne croyons pas aux approches universelles. Nos experts SEO exp\u00e9riment\u00e9s analysent votre entreprise, votre public cible et vos concurrents pour cr\u00e9er des strat\u00e9gies sur mesure qui correspondent \u00e0 vos objectifs uniques.<\/p><\/div><\/div>\t\t\t\t<\/div>\n\t\t\t\t<\/div>\n\t\t\t\t<div class=\"elementor-element elementor-element-889408f elementor-position-left elementor-vertical-align-middle elementor-widget__width-inherit animated-slow elementor-invisible elementor-widget elementor-widget-image-box\" data-id=\"889408f\" data-element_type=\"widget\" data-settings=\"{&quot;_animation&quot;:&quot;fadeIn&quot;,&quot;_animation_delay&quot;:400,&quot;ekit_we_effect_on&quot;:&quot;none&quot;}\" data-widget_type=\"image-box.default\">\n\t\t\t\t<div class=\"elementor-widget-container\">\n\t\t\t\t\t<div class=\"elementor-image-box-wrapper\"><figure class=\"elementor-image-box-img\"><img decoding=\"async\" width=\"256\" height=\"256\" src=\"https:\/\/ygpixel.com\/wp-content\/uploads\/2024\/03\/web-design.png\" class=\"attachment-full size-full wp-image-1336\" alt=\"\" srcset=\"https:\/\/ygpixel.com\/wp-content\/uploads\/2024\/03\/web-design.png 256w, https:\/\/ygpixel.com\/wp-content\/uploads\/2024\/03\/web-design-150x150.png 150w\" sizes=\"(max-width: 256px) 100vw, 256px\" \/><\/figure><div class=\"elementor-image-box-content\"><h3 class=\"elementor-image-box-title\">Optimiser chaque \u00e9l\u00e9ment :<\/h3><p class=\"elementor-image-box-description\">Nos techniques m\u00e9ticuleuses d\u2019optimisation sur la page garantissent que chaque partie de votre site Web contribue \u00e0 un meilleur classement dans les moteurs de recherche. De l\u2019optimisation des mots cl\u00e9s aux balises m\u00e9ta et \u00e0 la structure du contenu, nous ne n\u00e9gligeons aucun d\u00e9tail.<\/p><\/div><\/div>\t\t\t\t<\/div>\n\t\t\t\t<\/div>\n\t\t\t\t<div class=\"elementor-element elementor-element-398de7e elementor-position-left elementor-vertical-align-middle elementor-widget__width-inherit animated-slow elementor-invisible elementor-widget elementor-widget-image-box\" data-id=\"398de7e\" data-element_type=\"widget\" data-settings=\"{&quot;_animation&quot;:&quot;fadeIn&quot;,&quot;_animation_delay&quot;:450,&quot;ekit_we_effect_on&quot;:&quot;none&quot;}\" data-widget_type=\"image-box.default\">\n\t\t\t\t<div class=\"elementor-widget-container\">\n\t\t\t\t\t<div class=\"elementor-image-box-wrapper\"><figure class=\"elementor-image-box-img\"><img loading=\"lazy\" decoding=\"async\" width=\"256\" height=\"256\" src=\"https:\/\/ygpixel.com\/wp-content\/uploads\/2024\/03\/quality.png\" class=\"attachment-full size-full wp-image-1337\" alt=\"\" srcset=\"https:\/\/ygpixel.com\/wp-content\/uploads\/2024\/03\/quality.png 256w, https:\/\/ygpixel.com\/wp-content\/uploads\/2024\/03\/quality-150x150.png 150w\" sizes=\"(max-width: 256px) 100vw, 256px\" \/><\/figure><div class=\"elementor-image-box-content\"><h3 class=\"elementor-image-box-title\">Renforcer la cr\u00e9dibilit\u00e9 :<\/h3><p class=\"elementor-image-box-description\">Cr\u00e9er des backlinks faisant autorit\u00e9 et pertinents est crucial pour le succ\u00e8s du r\u00e9f\u00e9rencement. Notre \u00e9quipe utilise des strat\u00e9gies \u00e9thiques de cr\u00e9ation de liens pour am\u00e9liorer la cr\u00e9dibilit\u00e9 de votre site Web et augmenter sa visibilit\u00e9 sur les moteurs de recherche.<\/p><\/div><\/div>\t\t\t\t<\/div>\n\t\t\t\t<\/div>\n\t\t\t\t<div class=\"elementor-element elementor-element-c36956d elementor-position-left elementor-vertical-align-middle elementor-widget__width-inherit animated-slow elementor-invisible elementor-widget elementor-widget-image-box\" data-id=\"c36956d\" data-element_type=\"widget\" data-settings=\"{&quot;_animation&quot;:&quot;fadeIn&quot;,&quot;_animation_delay&quot;:500,&quot;ekit_we_effect_on&quot;:&quot;none&quot;}\" data-widget_type=\"image-box.default\">\n\t\t\t\t<div class=\"elementor-widget-container\">\n\t\t\t\t\t<div class=\"elementor-image-box-wrapper\"><figure class=\"elementor-image-box-img\"><img loading=\"lazy\" decoding=\"async\" width=\"256\" height=\"256\" src=\"https:\/\/ygpixel.com\/wp-content\/uploads\/2024\/03\/keyword.png\" class=\"attachment-full size-full wp-image-1338\" alt=\"\" srcset=\"https:\/\/ygpixel.com\/wp-content\/uploads\/2024\/03\/keyword.png 256w, https:\/\/ygpixel.com\/wp-content\/uploads\/2024\/03\/keyword-150x150.png 150w\" sizes=\"(max-width: 256px) 100vw, 256px\" \/><\/figure><div class=\"elementor-image-box-content\"><h3 class=\"elementor-image-box-title\">Identifier les mots cl\u00e9s les plus performants :<\/h3><p class=\"elementor-image-box-description\">D\u00e9couvrez les expressions que votre public utilise pour trouver des entreprises comme la v\u00f4tre. Nous effectuons une recherche approfondie de mots-cl\u00e9s pour identifier les mots-cl\u00e9s les plus performants qui g\u00e9n\u00e8rent un trafic cibl\u00e9 vers votre site Web.<\/p><\/div><\/div>\t\t\t\t<\/div>\n\t\t\t\t<\/div>\n\t\t\t\t<div class=\"elementor-element elementor-element-79c33bb elementor-position-left elementor-vertical-align-middle elementor-widget__width-inherit animated-slow elementor-invisible elementor-widget elementor-widget-image-box\" data-id=\"79c33bb\" data-element_type=\"widget\" data-settings=\"{&quot;_animation&quot;:&quot;fadeIn&quot;,&quot;_animation_delay&quot;:550,&quot;ekit_we_effect_on&quot;:&quot;none&quot;}\" data-widget_type=\"image-box.default\">\n\t\t\t\t<div class=\"elementor-widget-container\">\n\t\t\t\t\t<div class=\"elementor-image-box-wrapper\"><figure class=\"elementor-image-box-img\"><img loading=\"lazy\" decoding=\"async\" width=\"256\" height=\"256\" src=\"https:\/\/ygpixel.com\/wp-content\/uploads\/2024\/03\/target-2.png\" class=\"attachment-full size-full wp-image-1340\" alt=\"\" srcset=\"https:\/\/ygpixel.com\/wp-content\/uploads\/2024\/03\/target-2.png 256w, https:\/\/ygpixel.com\/wp-content\/uploads\/2024\/03\/target-2-150x150.png 150w\" sizes=\"(max-width: 256px) 100vw, 256px\" \/><\/figure><div class=\"elementor-image-box-content\"><h3 class=\"elementor-image-box-title\">Un site Web techniquement solide est essentiel au succ\u00e8s du r\u00e9f\u00e9rencement.<\/h3><p class=\"elementor-image-box-description\">Nos experts effectuent des audits approfondis pour identifier et r\u00e9soudre tout probl\u00e8me technique susceptible d\u2019affecter les performances de votre site sur les moteurs de recherche.<\/p><\/div><\/div>\t\t\t\t<\/div>\n\t\t\t\t<\/div>\n\t\t\t\t<div class=\"elementor-element elementor-element-1df81d3 elementor-position-left elementor-vertical-align-middle elementor-widget__width-inherit animated-slow elementor-invisible elementor-widget elementor-widget-image-box\" data-id=\"1df81d3\" data-element_type=\"widget\" data-settings=\"{&quot;_animation&quot;:&quot;fadeIn&quot;,&quot;_animation_delay&quot;:600,&quot;ekit_we_effect_on&quot;:&quot;none&quot;}\" data-widget_type=\"image-box.default\">\n\t\t\t\t<div class=\"elementor-widget-container\">\n\t\t\t\t\t<div class=\"elementor-image-box-wrapper\"><figure class=\"elementor-image-box-img\"><img loading=\"lazy\" decoding=\"async\" width=\"256\" height=\"256\" src=\"https:\/\/ygpixel.com\/wp-content\/uploads\/2024\/03\/report.png\" class=\"attachment-full size-full wp-image-1341\" alt=\"\" srcset=\"https:\/\/ygpixel.com\/wp-content\/uploads\/2024\/03\/report.png 256w, https:\/\/ygpixel.com\/wp-content\/uploads\/2024\/03\/report-150x150.png 150w\" sizes=\"(max-width: 256px) 100vw, 256px\" \/><\/figure><div class=\"elementor-image-box-content\"><h3 class=\"elementor-image-box-title\">Restez inform\u00e9 de l'impact de nos efforts de r\u00e9f\u00e9rencement gr\u00e2ce \u00e0 des rapports d\u00e9taill\u00e9s et transparents.<\/h3><p class=\"elementor-image-box-description\">Nos rapports fournissent des informations sur les indicateurs de performances cl\u00e9s, vous permettant de suivre la progression de la campagne de r\u00e9f\u00e9rencement de votre site Web.<\/p><\/div><\/div>\t\t\t\t<\/div>\n\t\t\t\t<\/div>\n\t\t\t\t<\/div>\n\t\t\t\t\t<\/div>\n\t\t\t\t<\/div>\n\t\t\t\t<\/div>","protected":false},"excerpt":{"rendered":"<p>SEO strategies services in Ottawa Enhance Your Online Presence with Expert SEO Services from Our Web Development Agency Unlock the full potential of your website and drive organic traffic with our superior SEO services at YG Pixel. As a leading web development company, we understand that a beautiful and visually responsive website is only half [&hellip;]<\/p>","protected":false},"author":1,"featured_media":0,"parent":0,"menu_order":0,"comment_status":"closed","ping_status":"closed","template":"","meta":{"_acf_changed":false,"footnotes":""},"class_list":["post-964","page","type-page","status-publish","hentry"],"acf":[],"aioseo_notices":[],"_links":{"self":[{"href":"https:\/\/ygpixel.com\/fr\/wp-json\/wp\/v2\/pages\/964","targetHints":{"allow":["GET"]}}],"collection":[{"href":"https:\/\/ygpixel.com\/fr\/wp-json\/wp\/v2\/pages"}],"about":[{"href":"https:\/\/ygpixel.com\/fr\/wp-json\/wp\/v2\/types\/page"}],"author":[{"embeddable":true,"href":"https:\/\/ygpixel.com\/fr\/wp-json\/wp\/v2\/users\/1"}],"replies":[{"embeddable":true,"href":"https:\/\/ygpixel.com\/fr\/wp-json\/wp\/v2\/comments?post=964"}],"version-history":[{"count":10,"href":"https:\/\/ygpixel.com\/fr\/wp-json\/wp\/v2\/pages\/964\/revisions"}],"predecessor-version":[{"id":2178,"href":"https:\/\/ygpixel.com\/fr\/wp-json\/wp\/v2\/pages\/964\/revisions\/2178"}],"wp:attachment":[{"href":"https:\/\/ygpixel.com\/fr\/wp-json\/wp\/v2\/media?parent=964"}],"curies":[{"name":"wp","href":"https:\/\/api.w.org\/{rel}","templated":true}]}}